{"id":154,"date":"2013-12-05T10:56:32","date_gmt":"2013-12-05T10:56:32","guid":{"rendered":"http:\/\/medyaetikkurulu.org\/wordpress\/?page_id=154"},"modified":"2025-06-02T15:48:28","modified_gmt":"2025-06-02T13:48:28","slug":"medya-etik-kurulu-deklerasyonu","status":"publish","type":"page","link":"https:\/\/medyaetikkurulu.org\/index.php\/medya-etik-kurulu-deklerasyonu\/","title":{"rendered":"Medya Etik Kurulu Deklarasyonu"},"content":{"rendered":"\n<p><em>A\u015fa\u011f\u0131da imzas\u0131 bulunan \u00f6rg\u00fctler ve bas\u0131n-yay\u0131n kurulu\u015flar\u0131, \u00fclkemizde yay\u0131nc\u0131l\u0131k alan\u0131nda etik kodlara uyulmas\u0131 konusunda aktif \u00e7aba sarf etmek \u00fczere olu\u015fturulan \u2018Medya Etik Kurulu\u2019nun \u00e7al\u0131\u015fmalar\u0131na katk\u0131 koyacaklar\u0131n\u0131 ve kurulun alaca\u011f\u0131 kararlara uyacaklar\u0131n\u0131 taahh\u00fct ve kabul ederler.<\/em><\/p>\n\n\n\n<p><strong>1. Medya Etik Kurulu, bas\u0131n-yay\u0131n alan\u0131nda faaliyet y\u00fcr\u00fcten, Birlikler ve Dernekler ya da Sendikalar Yasas\u0131 taht\u0131nda tescil edilmi\u015f olan ve tescilinden itibaren en az 5 y\u0131l d\u00fczenli olarak faaliyetlerini s\u00fcrd\u00fcren sendika, dernek veya birliklerin se\u00e7ecekleri, en az 5 y\u0131ld\u0131r Sar\u0131 Bas\u0131n Kart\u0131 sahibi olan d\u00f6rt, Barolar Birli\u011fi taraf\u0131ndan se\u00e7ilecek bir ve KKTC\u2019de faaliyet g\u00f6steren \u00fcniversitelerin ileti\u015fim fak\u00fclteleri taraf\u0131ndan g\u00f6revlendirilecek iki ki\u015fi olmak \u00fczere toplam yedi ki\u015fiden olu\u015fur.<\/strong><\/p>\n\n\n\n<p>2. Kurul \u00fcyeleri, ad\u0131 ge\u00e7en \u00f6rg\u00fct ve kurumlar\u0131n y\u00f6netim kurullar\u0131nca yetkilendirilmi\u015f temsilcilerin ortak toplant\u0131s\u0131nda 3 y\u0131ll\u0131\u011f\u0131na g\u00f6revlendirilir. Kurul, ba\u015fkan\u0131n\u0131 ve sekretaryas\u0131n\u0131 kendi i\u00e7inde belirler. Kurul ba\u015fkanl\u0131\u011f\u0131 ve sekreteryas\u0131 alt\u0131 ayl\u0131k periyotlardan olu\u015fan s\u00fcrelerle kurul \u00fcyeleri aras\u0131nda d\u00f6n\u00fc\u015f\u00fcml\u00fc olma esas\u0131na g\u00f6re \u00e7al\u0131\u015f\u0131r.<\/p>\n\n\n\n<p><strong>3. Kurul, her ay\u0131n ilk haftas\u0131, ba\u015fkan taraf\u0131ndan belirlenecek ve toplant\u0131dan en az \u00fc\u00e7 g\u00fcn \u00f6nce \u00fcyelere ileti\u015fim kanallar\u0131 vas\u0131tas\u0131yla duyurulacak g\u00fcndemle toplan\u0131r. Toplant\u0131lar, y\u00fcz y\u00fcze yap\u0131labilece\u011fi gibi, \u00e7evrimi\u00e7i platformlar \u00fczerinden de ger\u00e7ekle\u015ftirilebilir. \u00c7evrimi\u00e7i toplant\u0131lar, ba\u015fkan\u0131n \u00e7a\u011fr\u0131s\u0131nda a\u00e7\u0131k\u00e7a belirtilmelidir. Toplant\u0131 yeter say\u0131s\u0131 \u00fcye tamsay\u0131s\u0131n\u0131n; karar yeter say\u0131s\u0131 toplant\u0131ya kat\u0131lan \u00fcyelerin salt \u00e7o\u011funlu\u011fudur.\u00a0\u00dcyeler, ba\u015fkan\u0131n belirledi\u011fi g\u00fcndem d\u0131\u015f\u0131nda da g\u00fcndem \u00f6nerisi yapabilirler. Bu \u00f6neriler, toplant\u0131 ba\u015flamadan \u00f6nce oylan\u0131r. Salt \u00e7o\u011funlu\u011fun elde edilmesi halinde \u00f6neriler g\u00fcndeme dahil edilir. Kurul, ba\u015fkan\u0131n \u00e7a\u011fr\u0131s\u0131 veya en az d\u00f6rt \u00fcyenin talebiyle ola\u011fan\u00fcst\u00fc toplant\u0131 da yapabilir. \u00c7evrimi\u00e7i toplant\u0131larda, t\u00fcm \u00fcyelerin eri\u015fim ve kat\u0131l\u0131m haklar\u0131n\u0131 e\u015fit \u015fekilde kullanabilmesi sa\u011flanmal\u0131d\u0131r.<\/strong><\/p>\n\n\n\n<p>4. Medya Etik Kurulu, kurul \u00fcyesi \u00f6rg\u00fctlerin talepleri ve organizasyonuyla, yay\u0131nc\u0131l\u0131k alan\u0131nda e\u011fitim \u00e7al\u0131\u015fmalar\u0131 d\u00fczenleyen bir anlay\u0131\u015fla \u00e7al\u0131\u015fmalar\u0131n\u0131 s\u00fcrd\u00fcr\u00fcr.<\/p>\n\n\n\n<p><strong>5. Kurul, bas\u0131n meslek eti\u011fine uygun yay\u0131n yap\u0131l\u0131p yap\u0131lmad\u0131\u011f\u0131n\u0131 \u00fcyelerin tespitiyle veya \u00f6zel ya da aleni \u015fik\u00e2yetler baz\u0131nda de\u011ferlendirmeye al\u0131r ve karara ba\u011flar. Kurulun denetimlerinde dikkate alaca\u011f\u0131 unsurlar 6\u2019\u0131nc\u0131 maddede s\u0131ralanm\u0131\u015ft\u0131r.<\/strong><\/p>\n\n\n\n<p>6. Bu deklarasyonu okuyup imzalayan bas\u0131n-yay\u0131n kurulu\u015flar\u0131,&nbsp; ekte verilen Gazetecilik Meslek \u0130lkeleri\u2019ne uymay\u0131 taahh\u00fct ederler. Kurul, KKTC\u2019de faaliyet g\u00f6steren ve yurt i\u00e7ine ve\/veya yurt d\u0131\u015f\u0131na yay\u0131n yapan bas\u0131n yay\u0131n organlar\u0131nda g\u00f6rev yapan gazeteciler, gazeteci olmad\u0131klar\u0131 halde bas\u0131n yay\u0131n faaliyetine kat\u0131lanlar, sorumlu genel yay\u0131n y\u00f6netmenleri ve haber m\u00fcd\u00fcrlerinin ekteki meslek ilkelerine uymalar\u0131n\u0131 g\u00f6zetir.<\/p>\n\n\n\n<p><strong>7. Kurul, \u015fik\u00e2yet \u00fczerine veya re\u2019sen harekete ge\u00e7erek, ekteki Gazetecilik Meslek \u0130lkeleri\u2019ne uymayanlar hakk\u0131nda uyarma veya k\u0131nama karar\u0131 verebilir.<\/strong><\/p>\n\n\n\n<p>8. Kurul taraf\u0131ndan verilecek gerek\u00e7eli uyarma ve k\u0131nama kararlar\u0131, bu metne imza koyan t\u00fcm bas\u0131n yay\u0131n kurulu\u015flar\u0131 taraf\u0131ndan uygun bi\u00e7imde yay\u0131mlan\u0131r. Bu y\u00fck\u00fcml\u00fcl\u00fc\u011fe uyulmamas\u0131 h\u00e2linde, Kurul, ilgili kurulu\u015fu uyar\u0131r; tekrar\u0131 halinde ise k\u0131nama karar\u0131 verir.<\/p>\n","protected":false},"excerpt":{"rendered":"<p>A\u015fa\u011f\u0131da imzas\u0131 bulunan \u00f6rg\u00fctler ve bas\u0131n-yay\u0131n kurulu\u015flar\u0131, \u00fclkemizde yay\u0131nc\u0131l\u0131k alan\u0131nda etik kodlara uyulmas\u0131 konusunda aktif \u00e7aba sarf etmek \u00fczere olu\u015fturulan \u2018Medya Etik Kurulu\u2019nun \u00e7al\u0131\u015fmalar\u0131na katk\u0131 koyacaklar\u0131n\u0131 ve kurulun alaca\u011f\u0131 kararlara uyacaklar\u0131n\u0131 taahh\u00fct ve kabul ederler. 1. Medya Etik Kurulu, bas\u0131n-yay\u0131n alan\u0131nda faaliyet y\u00fcr\u00fcten, Birlikler ve Dernekler ya da Sendikalar Yasas\u0131 taht\u0131nda tescil edilmi\u015f olan ve [&hellip;]<\/p>\n","protected":false},"author":2,"featured_media":0,"parent":0,"menu_order":0,"comment_status":"open","ping_status":"open","template":"single-product","meta":{"saved_in_kubio":false,"footnotes":""},"class_list":["post-154","page","type-page","status-publish","hentry"],"kubio_ai_page_context":{"short_desc":"","purpose":"general"},"yoast_head":"<!-- This site is optimized with the Yoast SEO plugin v25.3.1 - https:\/\/yoast.com\/wordpress\/plugins\/seo\/ -->\r\n<title>Medya Etik Kurulu Deklarasyonu - Medya Etik Kurulu<\/title>\r\n<meta name=\"robots\" content=\"index, follow, max-snippet:-1, max-image-preview:large, max-video-preview:-1\" \/>\r\n<link rel=\"canonical\" href=\"https:\/\/medyaetikkurulu.org\/index.php\/medya-etik-kurulu-deklerasyonu\/\" \/>\r\n<meta property=\"og:locale\" content=\"tr_TR\" \/>\r\n<meta property=\"og:type\" content=\"article\" \/>\r\n<meta property=\"og:title\" content=\"Medya Etik Kurulu Deklarasyonu - Medya Etik Kurulu\" \/>\r\n<meta property=\"og:description\" content=\"A\u015fa\u011f\u0131da imzas\u0131 bulunan \u00f6rg\u00fctler ve bas\u0131n-yay\u0131n kurulu\u015flar\u0131, \u00fclkemizde yay\u0131nc\u0131l\u0131k alan\u0131nda etik kodlara uyulmas\u0131 konusunda aktif \u00e7aba sarf etmek \u00fczere olu\u015fturulan \u2018Medya Etik Kurulu\u2019nun \u00e7al\u0131\u015fmalar\u0131na katk\u0131 koyacaklar\u0131n\u0131 ve kurulun alaca\u011f\u0131 kararlara uyacaklar\u0131n\u0131 taahh\u00fct ve kabul ederler. 1. Medya Etik Kurulu, bas\u0131n-yay\u0131n alan\u0131nda faaliyet y\u00fcr\u00fcten, Birlikler ve Dernekler ya da Sendikalar Yasas\u0131 taht\u0131nda tescil edilmi\u015f olan ve [&hellip;]\" \/>\r\n<meta property=\"og:url\" content=\"https:\/\/medyaetikkurulu.org\/index.php\/medya-etik-kurulu-deklerasyonu\/\" \/>\r\n<meta property=\"og:site_name\" content=\"Medya Etik Kurulu\" \/>\r\n<meta property=\"article:publisher\" content=\"https:\/\/www.facebook.com\/medyaetikkurulu\" \/>\r\n<meta property=\"article:modified_time\" content=\"2025-06-02T13:48:28+00:00\" \/>\r\n<meta property=\"og:image\" content=\"https:\/\/i0.wp.com\/medyaetikkurulu.org\/wp-content\/uploads\/2025\/05\/MEK-copy-1.png?fit=960%2C960&ssl=1\" \/>\r\n\t<meta property=\"og:image:width\" content=\"960\" \/>\r\n\t<meta property=\"og:image:height\" content=\"960\" \/>\r\n\t<meta property=\"og:image:type\" content=\"image\/png\" \/>\r\n<meta name=\"twitter:card\" content=\"summary_large_image\" \/>\r\n<meta name=\"twitter:site\" content=\"@medyaetikkurulu\" \/>\r\n<script type=\"application\/ld+json\" class=\"yoast-schema-graph\">{\"@context\":\"https:\/\/schema.org\",\"@graph\":[{\"@type\":\"WebPage\",\"@id\":\"https:\/\/medyaetikkurulu.org\/index.php\/medya-etik-kurulu-deklerasyonu\/\",\"url\":\"https:\/\/medyaetikkurulu.org\/index.php\/medya-etik-kurulu-deklerasyonu\/\",\"name\":\"Medya Etik Kurulu Deklarasyonu - Medya Etik Kurulu\",\"isPartOf\":{\"@id\":\"https:\/\/medyaetikkurulu.org\/#website\"},\"datePublished\":\"2013-12-05T10:56:32+00:00\",\"dateModified\":\"2025-06-02T13:48:28+00:00\",\"breadcrumb\":{\"@id\":\"https:\/\/medyaetikkurulu.org\/index.php\/medya-etik-kurulu-deklerasyonu\/#breadcrumb\"},\"inLanguage\":\"tr\",\"potentialAction\":[{\"@type\":\"ReadAction\",\"target\":[\"https:\/\/medyaetikkurulu.org\/index.php\/medya-etik-kurulu-deklerasyonu\/\"]}]},{\"@type\":\"BreadcrumbList\",\"@id\":\"https:\/\/medyaetikkurulu.org\/index.php\/medya-etik-kurulu-deklerasyonu\/#breadcrumb\",\"itemListElement\":[{\"@type\":\"ListItem\",\"position\":1,\"name\":\"Anasayfa\",\"item\":\"https:\/\/medyaetikkurulu.org\/\"},{\"@type\":\"ListItem\",\"position\":2,\"name\":\"Medya Etik Kurulu Deklarasyonu\"}]},{\"@type\":\"WebSite\",\"@id\":\"https:\/\/medyaetikkurulu.org\/#website\",\"url\":\"https:\/\/medyaetikkurulu.org\/\",\"name\":\"Medya Etik Kurulu\",\"description\":\"Medya Etik Kurulu\",\"publisher\":{\"@id\":\"https:\/\/medyaetikkurulu.org\/#organization\"},\"alternateName\":\"MEK\",\"potentialAction\":[{\"@type\":\"SearchAction\",\"target\":{\"@type\":\"EntryPoint\",\"urlTemplate\":\"https:\/\/medyaetikkurulu.org\/?s={search_term_string}\"},\"query-input\":{\"@type\":\"PropertyValueSpecification\",\"valueRequired\":true,\"valueName\":\"search_term_string\"}}],\"inLanguage\":\"tr\"},{\"@type\":\"Organization\",\"@id\":\"https:\/\/medyaetikkurulu.org\/#organization\",\"name\":\"Medya Etik Kurulu\",\"alternateName\":\"MEK\",\"url\":\"https:\/\/medyaetikkurulu.org\/\",\"logo\":{\"@type\":\"ImageObject\",\"inLanguage\":\"tr\",\"@id\":\"https:\/\/medyaetikkurulu.org\/#\/schema\/logo\/image\/\",\"url\":\"https:\/\/i0.wp.com\/medyaetikkurulu.org\/wp-content\/uploads\/2025\/05\/MEK-copy-1.png?fit=960%2C960\",\"contentUrl\":\"https:\/\/i0.wp.com\/medyaetikkurulu.org\/wp-content\/uploads\/2025\/05\/MEK-copy-1.png?fit=960%2C960\",\"width\":960,\"height\":960,\"caption\":\"Medya Etik Kurulu\"},\"image\":{\"@id\":\"https:\/\/medyaetikkurulu.org\/#\/schema\/logo\/image\/\"},\"sameAs\":[\"https:\/\/www.facebook.com\/medyaetikkurulu\",\"https:\/\/x.com\/medyaetikkurulu\",\"https:\/\/www.instagram.com\/medyaetikkurulu\"]}]}<\/script>\r\n<!-- \/ Yoast SEO plugin. -->","yoast_head_json":{"title":"Medya Etik Kurulu Deklarasyonu - Medya Etik Kurulu","robots":{"index":"index","follow":"follow","max-snippet":"max-snippet:-1","max-image-preview":"max-image-preview:large","max-video-preview":"max-video-preview:-1"},"canonical":"https:\/\/medyaetikkurulu.org\/index.php\/medya-etik-kurulu-deklerasyonu\/","og_locale":"tr_TR","og_type":"article","og_title":"Medya Etik Kurulu Deklarasyonu - Medya Etik Kurulu","og_description":"A\u015fa\u011f\u0131da imzas\u0131 bulunan \u00f6rg\u00fctler ve bas\u0131n-yay\u0131n kurulu\u015flar\u0131, \u00fclkemizde yay\u0131nc\u0131l\u0131k alan\u0131nda etik kodlara uyulmas\u0131 konusunda aktif \u00e7aba sarf etmek \u00fczere olu\u015fturulan \u2018Medya Etik Kurulu\u2019nun \u00e7al\u0131\u015fmalar\u0131na katk\u0131 koyacaklar\u0131n\u0131 ve kurulun alaca\u011f\u0131 kararlara uyacaklar\u0131n\u0131 taahh\u00fct ve kabul ederler. 1. Medya Etik Kurulu, bas\u0131n-yay\u0131n alan\u0131nda faaliyet y\u00fcr\u00fcten, Birlikler ve Dernekler ya da Sendikalar Yasas\u0131 taht\u0131nda tescil edilmi\u015f olan ve [&hellip;]","og_url":"https:\/\/medyaetikkurulu.org\/index.php\/medya-etik-kurulu-deklerasyonu\/","og_site_name":"Medya Etik Kurulu","article_publisher":"https:\/\/www.facebook.com\/medyaetikkurulu","article_modified_time":"2025-06-02T13:48:28+00:00","og_image":[{"width":960,"height":960,"url":"https:\/\/i0.wp.com\/medyaetikkurulu.org\/wp-content\/uploads\/2025\/05\/MEK-copy-1.png?fit=960%2C960&ssl=1","type":"image\/png"}],"twitter_card":"summary_large_image","twitter_site":"@medyaetikkurulu","schema":{"@context":"https:\/\/schema.org","@graph":[{"@type":"WebPage","@id":"https:\/\/medyaetikkurulu.org\/index.php\/medya-etik-kurulu-deklerasyonu\/","url":"https:\/\/medyaetikkurulu.org\/index.php\/medya-etik-kurulu-deklerasyonu\/","name":"Medya Etik Kurulu Deklarasyonu - Medya Etik Kurulu","isPartOf":{"@id":"https:\/\/medyaetikkurulu.org\/#website"},"datePublished":"2013-12-05T10:56:32+00:00","dateModified":"2025-06-02T13:48:28+00:00","breadcrumb":{"@id":"https:\/\/medyaetikkurulu.org\/index.php\/medya-etik-kurulu-deklerasyonu\/#breadcrumb"},"inLanguage":"tr","potentialAction":[{"@type":"ReadAction","target":["https:\/\/medyaetikkurulu.org\/index.php\/medya-etik-kurulu-deklerasyonu\/"]}]},{"@type":"BreadcrumbList","@id":"https:\/\/medyaetikkurulu.org\/index.php\/medya-etik-kurulu-deklerasyonu\/#breadcrumb","itemListElement":[{"@type":"ListItem","position":1,"name":"Anasayfa","item":"https:\/\/medyaetikkurulu.org\/"},{"@type":"ListItem","position":2,"name":"Medya Etik Kurulu Deklarasyonu"}]},{"@type":"WebSite","@id":"https:\/\/medyaetikkurulu.org\/#website","url":"https:\/\/medyaetikkurulu.org\/","name":"Medya Etik Kurulu","description":"Medya Etik Kurulu","publisher":{"@id":"https:\/\/medyaetikkurulu.org\/#organization"},"alternateName":"MEK","potentialAction":[{"@type":"SearchAction","target":{"@type":"EntryPoint","urlTemplate":"https:\/\/medyaetikkurulu.org\/?s={search_term_string}"},"query-input":{"@type":"PropertyValueSpecification","valueRequired":true,"valueName":"search_term_string"}}],"inLanguage":"tr"},{"@type":"Organization","@id":"https:\/\/medyaetikkurulu.org\/#organization","name":"Medya Etik Kurulu","alternateName":"MEK","url":"https:\/\/medyaetikkurulu.org\/","logo":{"@type":"ImageObject","inLanguage":"tr","@id":"https:\/\/medyaetikkurulu.org\/#\/schema\/logo\/image\/","url":"https:\/\/i0.wp.com\/medyaetikkurulu.org\/wp-content\/uploads\/2025\/05\/MEK-copy-1.png?fit=960%2C960","contentUrl":"https:\/\/i0.wp.com\/medyaetikkurulu.org\/wp-content\/uploads\/2025\/05\/MEK-copy-1.png?fit=960%2C960","width":960,"height":960,"caption":"Medya Etik Kurulu"},"image":{"@id":"https:\/\/medyaetikkurulu.org\/#\/schema\/logo\/image\/"},"sameAs":["https:\/\/www.facebook.com\/medyaetikkurulu","https:\/\/x.com\/medyaetikkurulu","https:\/\/www.instagram.com\/medyaetikkurulu"]}]}},"jetpack_sharing_enabled":true,"_links":{"self":[{"href":"https:\/\/medyaetikkurulu.org\/index.php\/wp-json\/wp\/v2\/pages\/154","targetHints":{"allow":["GET"]}}],"collection":[{"href":"https:\/\/medyaetikkurulu.org\/index.php\/wp-json\/wp\/v2\/pages"}],"about":[{"href":"https:\/\/medyaetikkurulu.org\/index.php\/wp-json\/wp\/v2\/types\/page"}],"author":[{"embeddable":true,"href":"https:\/\/medyaetikkurulu.org\/index.php\/wp-json\/wp\/v2\/users\/2"}],"replies":[{"embeddable":true,"href":"https:\/\/medyaetikkurulu.org\/index.php\/wp-json\/wp\/v2\/comments?post=154"}],"version-history":[{"count":1,"href":"https:\/\/medyaetikkurulu.org\/index.php\/wp-json\/wp\/v2\/pages\/154\/revisions"}],"predecessor-version":[{"id":1037,"href":"https:\/\/medyaetikkurulu.org\/index.php\/wp-json\/wp\/v2\/pages\/154\/revisions\/1037"}],"wp:attachment":[{"href":"https:\/\/medyaetikkurulu.org\/index.php\/wp-json\/wp\/v2\/media?parent=154"}],"curies":[{"name":"wp","href":"https:\/\/api.w.org\/{rel}","templated":true}]}}