{"id":168,"date":"2014-01-21T12:49:06","date_gmt":"2014-01-21T12:49:06","guid":{"rendered":"http:\/\/medyaetikkurulu.org\/wordpress\/?page_id=168"},"modified":"2025-06-02T15:50:01","modified_gmt":"2025-06-02T13:50:01","slug":"internet-gazeteciligi-deklarasyonu","status":"publish","type":"page","link":"https:\/\/medyaetikkurulu.org\/index.php\/hakkimizda\/internet-gazeteciligi-deklarasyonu\/","title":{"rendered":"\u0130nternet Gazetecili\u011fi Deklarasyonu"},"content":{"rendered":"\n<p><strong>1. Gazetecilik meslek ilkeleri, internet haber siteleri i\u00e7in de ge\u00e7erlidir. K\u00fcnyede, \u201cbu haber sitesi, gazetecilik meslek ilkelerine uygun davran\u0131r\u201d \u015feklinde bir ifadeye yer verilir.<\/strong><\/p>\n\n\n\n<p>2. Haber siteleri, k\u00fcnye ve ileti\u015fim bilgilerini yay\u0131mlamakla y\u00fck\u00fcml\u00fcd\u00fcr. K\u00fcnyede, haber sitesinin sorumlu m\u00fcd\u00fcr\u00fcn\u00fcn kim oldu\u011fu a\u00e7\u0131k\u00e7a belirtilir.<\/p>\n\n\n\n<p><strong>3. Ba\u015fka bir medya kurulu\u015fundan al\u0131narak yay\u0131mlanan haberlerde kayna\u011f\u0131n belirtilmesi ve medya kurulu\u015funun kendi imk\u00e2nlar\u0131yla \u00fcretti\u011fi \u00f6zel haberlerin tamam\u0131n\u0131n kullan\u0131lmay\u0131p haberi\u00a0\u00fcreten medya kurulu\u015funa link verilmesi esast\u0131r.<\/strong><\/p>\n\n\n\n<p>4. Bir gazetede ya da internet haber sitesinde yay\u0131mlanan k\u00f6\u015fe yaz\u0131s\u0131 ancak yazar\u0131n ve yay\u0131mc\u0131n\u0131n izniyle haber sitesine konulabilir.<\/p>\n\n\n\n<p><strong>5. \u0130nternet haber sitelerinin sorumlular\u0131, gazetecilik kayg\u0131s\u0131yla hareket ederler.<\/strong><\/p>\n\n\n\n<p>6. \u0130nternet haber siteleri, haberlerin ve yaz\u0131lar\u0131n okunma say\u0131lar\u0131n\u0131 verirken d\u00fcr\u00fcstl\u00fckten \u00f6d\u00fcn vermezler.<\/p>\n\n\n\n<p><strong>7. \u0130nternet haber siteleri, insan haklar\u0131na, evrensel de\u011ferlere uygun yay\u0131n yaparlar; nefret s\u00f6yleminden uzak dururlar.<\/strong><\/p>\n\n\n\n<p>8. \u0130nternet haber sitelerinde insan bedeninin metala\u015ft\u0131r\u0131lmas\u0131na hizmet edecek ve toplumsal cinsiyet e\u015fitli\u011fine ayk\u0131r\u0131 \u015fekilde yay\u0131n yap\u0131lmaz.<\/p>\n\n\n\n<p><strong>9. S\u0131rf haberin t\u0131klanmas\u0131 i\u00e7in, i\u00e7eri\u011fi yans\u0131tmayan, \u00e7arp\u0131t\u0131lm\u0131\u015f, sansasyonel haber ba\u015fl\u0131klar\u0131 kullanmak do\u011fru de\u011fildir.<\/strong><\/p>\n\n\n\n<p>10. Haber ve k\u00f6\u015fe yaz\u0131lar\u0131n\u0131n alt\u0131na yaz\u0131lan okur yorumlar\u0131nda ger\u00e7ek isimlerin kullan\u0131lmas\u0131 esast\u0131r. Haber sitesi, takma isimlerin kullan\u0131lmas\u0131na izin verse bile, yorumlar\u0131 yay\u0131mlanmadan \u00f6nce k\u00fcf\u00fcr ve hakaret i\u00e7ermemesi i\u00e7in denetlemesi gerekir. Haber sitesi, okur yorumlar\u0131 dahil, yay\u0131mlad\u0131\u011f\u0131 her i\u00e7eri\u011fin sorumlulu\u011funu al\u0131r.<\/p>\n\n\n\n<p><strong>11- \u0130nternet gazeteleri, insan onurunu zedeleyici, \u015fiddet pornografisi niteli\u011fi ta\u015f\u0131yan, ma\u011fdurlar\u0131n yak\u0131nlar\u0131n\u0131 olumsuz y\u00f6nde etkileyebilecek veya toplumda travmatik etki yaratabilecek g\u00f6r\u00fcnt\u00fc ve i\u00e7erikleri yay\u0131mlamaz. Gazeteler, trafik kazalar\u0131, intihar, cinsel sald\u0131r\u0131, cinayet gibi olaylarda her t\u00fcrl\u00fc \u015fiddeti; kan, ceset ve\/veya yaral\u0131 beden g\u00f6r\u00fcnt\u00fclerini do\u011frudan ve filtresiz bi\u00e7imde payla\u015fmaz.<\/strong><\/p>\n\n\n\n<p>12- \u0130nternet gazeteleri, yapay zeka uygulamalar\u0131ndan yararlan\u0131larak \u00fcretilen i\u00e7erikleri, ger\u00e7eklik alg\u0131s\u0131n\u0131 zedeleyecek, etik d\u0131\u015f\u0131 haber niteli\u011fi ta\u015f\u0131yacak ya da kamuoyunda yan\u0131lt\u0131c\u0131 etki yaratacak \u015fekilde kullanmaz. Yapay zeka veya benzeri dijital teknolojilerle \u00fcretilen ya da manip\u00fcle edilen g\u00f6rsel, metin ve video i\u00e7eriklerinin kullan\u0131lmas\u0131 durumunda, i\u00e7eri\u011fin dijital teknolojiler arac\u0131l\u0131\u011f\u0131yla olu\u015fturuldu\u011fu bilgisi okuyucuya a\u00e7\u0131k, anla\u015f\u0131l\u0131r ve g\u00f6r\u00fcn\u00fcr bi\u00e7imde belirtilir.<\/p>\n\n\n\n<p><strong>13- \u0130nternet gazeteleri, yanl\u0131\u015f veya yan\u0131lt\u0131c\u0131 bilgi i\u00e7eren i\u00e7eriklerin yay\u0131lmas\u0131n\u0131 \u00f6nlemek amac\u0131yla gazetecilik meslek etik ilkelerine uygun hareket eder. Cevap ve d\u00fczeltme hakk\u0131n\u0131n kullan\u0131lmas\u0131 veya ba\u015fka yollarla bilgilenme sonucu yay\u0131mlanan i\u00e7erikte ger\u00e7e\u011fe ayk\u0131r\u0131 bilgi tespit edilmesi halinde, ilgili haberle a\u00e7\u0131k \u015fekilde ili\u015fkilendirilerek en ge\u00e7 24 saat i\u00e7inde kamuoyuna do\u011fru bilgi ula\u015ft\u0131r\u0131l\u0131r. D\u00fczeltme metni, s\u00f6z konusu haberin yay\u0131mland\u0131\u011f\u0131 mecrada, e\u015fit eri\u015filebilirlik ve g\u00f6r\u00fcn\u00fcrl\u00fckte yay\u0131mlan\u0131r.<\/strong><\/p>\n\n\n\n<p>14- \u0130nternet gazeteleri, kullan\u0131c\u0131lar\u0131n\u0131n dijital g\u00fcvenli\u011fini ve ki\u015fisel verilerinin gizlili\u011fini korumakla y\u00fck\u00fcml\u00fcd\u00fcr. Kullan\u0131c\u0131ya ait ki\u015fisel bilgiler, a\u00e7\u0131k r\u0131zas\u0131 olmaks\u0131z\u0131n hi\u00e7bir ki\u015fi, kurum veya kurulu\u015fla payla\u015f\u0131lmaz; ticari, politik veya ba\u015fka herhangi bir ama\u00e7la k\u00f6t\u00fcye kullan\u0131lmaz. \u0130nternet gazeteleri, kullan\u0131c\u0131 verilerinin g\u00fcvenli\u011fine ili\u015fkin gerekli teknik ve idari \u00f6nlemleri al\u0131r.<\/p>\n\n\n\n<p><strong>15- \u0130nternet gazeteleri, do\u011fal afetler, salg\u0131n hastal\u0131klar, toplumsal olaylar veya di\u011fer kriz anlar\u0131nda kamuoyunu yan\u0131ltabilecek bilgi kirlili\u011fini \u00f6nleyecek titizlikle yay\u0131nc\u0131l\u0131k faaliyetini y\u00fcr\u00fct\u00fcr. Ola\u011fan\u00fcst\u00fc durumlarda yay\u0131mlanan i\u00e7eriklerin ger\u00e7ek, do\u011frulanm\u0131\u015f ve kamu yarar\u0131na uygun olmas\u0131n\u0131 g\u00f6zetir. \u0130nternet gazeteleri, kriz anlar\u0131nda spek\u00fclatif, do\u011frulu\u011fu teyit edilmemi\u015f, kamuoyunda panik, korku veya yanl\u0131\u015f alg\u0131 yaratabilecek haberleri yay\u0131mlamaz.<\/strong><\/p>\n\n\n\n<p>16- \u0130nternet gazeteleri, sosyal medya platformlar\u0131nda yay\u0131lan i\u00e7eriklerin de do\u011frulu\u011funu kontrol etmekle y\u00fck\u00fcml\u00fcd\u00fcr. Sosyal medya kaynakl\u0131 i\u00e7erikler, haberle\u015ftirilmeden \u00f6nce etik de\u011ferlere ve gazetecilik ilkelerine uygunluk a\u00e7\u0131s\u0131ndan editoryal denetime tabi tutulur. Re\u015fit olmayan bireylere ait sosyal medya i\u00e7erikleri kullan\u0131lacaksa yasal temsilcilerinin izni al\u0131n\u0131r.<\/p>\n\n\n\n<p><strong>17- \u0130nternet gazeteleri, sosyal medyada i\u00e7erik \u00fcretimi ve payla\u015f\u0131m\u0131nda manip\u00fclatif, yan\u0131lt\u0131c\u0131 veya spek\u00fclatif unsurlar\u0131n yay\u0131lmas\u0131n\u0131 \u00f6nlemek amac\u0131yla kurumsal tutum ve de\u011ferlendirme kriterlerini evrensel gazetecilik etik ilkelerine dayal\u0131 olarak belirler.<\/strong><\/p>\n\n\n\n<p>18- \u0130nternet gazeteleri, dijital zorbal\u0131k, hakaret, taciz, tehdit veya nefret s\u00f6ylemi i\u00e7eren kullan\u0131c\u0131 \/ takip\u00e7i \/ izleyici yorumlar\u0131, g\u00f6nderileri ve sosyal medya etkile\u015fimlerine kar\u015f\u0131 \u00f6nleyici tedbirler al\u0131r. Bu t\u00fcr i\u00e7eriklerin tespit edilmesi h\u00e2linde, internet gazeteleri s\u00f6z konusu i\u00e7eriklerle ilgili gerekli d\u00fczenlemeyi yapar.<\/p>\n\n\n\n<p><strong>19- \u0130nternet gazeteleri, ma\u011fduriyet i\u00e7eren olaylar\u0131 haberle\u015ftirirken insan onurunu, ma\u011fdur ki\u015filerin ve ailelerinin hassasiyetlerini, ki\u015fisel gizlilik haklar\u0131n\u0131 g\u00f6zetmekle y\u00fck\u00fcml\u00fcd\u00fcr. Haber i\u00e7erikleri sansasyon yaratma amac\u0131yla de\u011fil, kamu yarar\u0131 g\u00f6zetilerek, ma\u011fduriyetin yeniden \u00fcretilmesine yol a\u00e7mayacak bi\u00e7imde haz\u0131rlan\u0131r. Bu t\u00fcr olaylara ili\u015fkin bilgilerin do\u011frulu\u011fu ve zamanlamas\u0131 \u00f6zenle kontrol edilir; haber dili, empati ve etik sorumluluk bilinciyle olu\u015fturulur.<\/strong><\/p>\n\n\n\n<p>20- \u0130nternet gazeteleri, bireylerin \u201cunutulma hakk\u0131\u201dna sayg\u0131 g\u00f6sterir. G\u00fcncelli\u011fini yitirmi\u015f veya kamu yarar\u0131 ta\u015f\u0131mayan i\u00e7eriklerin kald\u0131r\u0131lmas\u0131 ya da eri\u015fimin s\u0131n\u0131rland\u0131r\u0131lmas\u0131 y\u00f6n\u00fcndeki talepleri dikkate al\u0131r. Bu talepler, \u00f6zel hayat\u0131n gizlili\u011fi, ki\u015fisel verilerin korunmas\u0131 ve kamu yarar\u0131 dengesi g\u00f6zetilerek de\u011ferlendirilir. \u0130nternet gazeteleri, i\u00e7eri\u011fin kald\u0131r\u0131lmas\u0131 taleplerine ili\u015fkin s\u00fcreci h\u0131zl\u0131, \u015feffaf ve \u00fccretsiz olarak y\u00fcr\u00fct\u00fcr. Talebin reddedilmesi h\u00e2linde, gerek\u00e7eler ilgili ki\u015fiye a\u00e7\u0131k\u00e7a bildirilir. Bu s\u00fcre\u00e7te gazetecilik meslek etik ilkeleri ve bireysel hak ve \u00f6zg\u00fcrl\u00fcklere ili\u015fkin d\u00fczenlemeler esas al\u0131n\u0131r.<\/p>\n\n\n\n<p><strong>21- Gazeteciler, mesleki ba\u011f\u0131ms\u0131zl\u0131klar\u0131n\u0131 ve i\u00e7erik \u00fcretimindeki d\u00fcr\u00fcstl\u00fcklerini tehlikeye atacak herhangi bir \u00e7\u0131kar \u00e7at\u0131\u015fmas\u0131na girmez. Gazetecilik faaliyeti d\u0131\u015f\u0131nda, i\u00e7erik \u00fcretiminde ba\u011f\u0131ms\u0131zl\u0131k ilkesini zedeleyebilecek herhangi bir maddi menfaat, hediye, ba\u011f\u0131\u015f veya ayr\u0131cal\u0131\u011f\u0131 kabul etmez.<\/strong><\/p>\n\n\n\n<p>22- \u0130nternet gazeteleri, etnik kimlikler, g\u00f6\u00e7menler, m\u00fclteciler, kad\u0131nlar, \u00e7ocuklar, LGBTQI+ bireyler, engelliler, ya\u015fl\u0131lar, hayvanlar ve benzeri gruplar\u0131 konu alan haberlerde, ayr\u0131mc\u0131l\u0131\u011f\u0131 te\u015fvik etmeyen, nefret s\u00f6ylemine yer vermeyen bir yay\u0131n anlay\u0131\u015f\u0131 benimser. Haber dili, cinsiyet\u00e7i ve ayr\u0131mc\u0131 ifadeler kullan\u0131lmaks\u0131z\u0131n; kapsay\u0131c\u0131, \u00e7e\u015fitlili\u011fe sayg\u0131l\u0131 ve \u00f6tekile\u015ftirmeyen bir \u00fcslupla olu\u015fturulur.<\/p>\n\n\n","protected":false},"excerpt":{"rendered":"<p>1. Gazetecilik meslek ilkeleri, internet haber siteleri i\u00e7in de ge\u00e7erlidir. K\u00fcnyede, \u201cbu haber sitesi, gazetecilik meslek ilkelerine uygun davran\u0131r\u201d \u015feklinde bir ifadeye yer verilir. 2. Haber siteleri, k\u00fcnye ve ileti\u015fim bilgilerini yay\u0131mlamakla y\u00fck\u00fcml\u00fcd\u00fcr. K\u00fcnyede, haber sitesinin sorumlu m\u00fcd\u00fcr\u00fcn\u00fcn kim oldu\u011fu a\u00e7\u0131k\u00e7a belirtilir. 3. Ba\u015fka bir medya kurulu\u015fundan al\u0131narak yay\u0131mlanan haberlerde kayna\u011f\u0131n belirtilmesi ve medya kurulu\u015funun [&hellip;]<\/p>\n","protected":false},"author":2,"featured_media":0,"parent":706,"menu_order":0,"comment_status":"open","ping_status":"open","template":"single-product","meta":{"saved_in_kubio":true,"footnotes":""},"class_list":["post-168","page","type-page","status-publish","hentry"],"kubio_ai_page_context":{"short_desc":"","purpose":"general"},"yoast_head":"<!-- This site is optimized with the Yoast SEO plugin v25.3.1 - https:\/\/yoast.com\/wordpress\/plugins\/seo\/ -->\r\n<title>\u0130nternet Gazetecili\u011fi Deklarasyonu - Medya Etik Kurulu<\/title>\r\n<meta name=\"robots\" content=\"index, follow, max-snippet:-1, max-image-preview:large, max-video-preview:-1\" \/>\r\n<link rel=\"canonical\" href=\"https:\/\/medyaetikkurulu.org\/index.php\/hakkimizda\/internet-gazeteciligi-deklarasyonu\/\" \/>\r\n<meta property=\"og:locale\" content=\"tr_TR\" \/>\r\n<meta property=\"og:type\" content=\"article\" \/>\r\n<meta property=\"og:title\" content=\"\u0130nternet Gazetecili\u011fi Deklarasyonu - Medya Etik Kurulu\" \/>\r\n<meta property=\"og:description\" content=\"1. Gazetecilik meslek ilkeleri, internet haber siteleri i\u00e7in de ge\u00e7erlidir. K\u00fcnyede, \u201cbu haber sitesi, gazetecilik meslek ilkelerine uygun davran\u0131r\u201d \u015feklinde bir ifadeye yer verilir. 2. Haber siteleri, k\u00fcnye ve ileti\u015fim bilgilerini yay\u0131mlamakla y\u00fck\u00fcml\u00fcd\u00fcr. K\u00fcnyede, haber sitesinin sorumlu m\u00fcd\u00fcr\u00fcn\u00fcn kim oldu\u011fu a\u00e7\u0131k\u00e7a belirtilir. 3. Ba\u015fka bir medya kurulu\u015fundan al\u0131narak yay\u0131mlanan haberlerde kayna\u011f\u0131n belirtilmesi ve medya kurulu\u015funun [&hellip;]\" \/>\r\n<meta property=\"og:url\" content=\"https:\/\/medyaetikkurulu.org\/index.php\/hakkimizda\/internet-gazeteciligi-deklarasyonu\/\" \/>\r\n<meta property=\"og:site_name\" content=\"Medya Etik Kurulu\" \/>\r\n<meta property=\"article:publisher\" content=\"https:\/\/www.facebook.com\/medyaetikkurulu\" \/>\r\n<meta property=\"article:modified_time\" content=\"2025-06-02T13:50:01+00:00\" \/>\r\n<meta property=\"og:image\" content=\"https:\/\/i0.wp.com\/medyaetikkurulu.org\/wp-content\/uploads\/2025\/05\/MEK-copy-1.png?fit=960%2C960&ssl=1\" \/>\r\n\t<meta property=\"og:image:width\" content=\"960\" \/>\r\n\t<meta property=\"og:image:height\" content=\"960\" \/>\r\n\t<meta property=\"og:image:type\" content=\"image\/png\" \/>\r\n<meta name=\"twitter:card\" content=\"summary_large_image\" \/>\r\n<meta name=\"twitter:site\" content=\"@medyaetikkurulu\" \/>\r\n<script type=\"application\/ld+json\" class=\"yoast-schema-graph\">{\"@context\":\"https:\/\/schema.org\",\"@graph\":[{\"@type\":\"WebPage\",\"@id\":\"https:\/\/medyaetikkurulu.org\/index.php\/hakkimizda\/internet-gazeteciligi-deklarasyonu\/\",\"url\":\"https:\/\/medyaetikkurulu.org\/index.php\/hakkimizda\/internet-gazeteciligi-deklarasyonu\/\",\"name\":\"\u0130nternet Gazetecili\u011fi Deklarasyonu - Medya Etik Kurulu\",\"isPartOf\":{\"@id\":\"https:\/\/medyaetikkurulu.org\/#website\"},\"datePublished\":\"2014-01-21T12:49:06+00:00\",\"dateModified\":\"2025-06-02T13:50:01+00:00\",\"breadcrumb\":{\"@id\":\"https:\/\/medyaetikkurulu.org\/index.php\/hakkimizda\/internet-gazeteciligi-deklarasyonu\/#breadcrumb\"},\"inLanguage\":\"tr\",\"potentialAction\":[{\"@type\":\"ReadAction\",\"target\":[\"https:\/\/medyaetikkurulu.org\/index.php\/hakkimizda\/internet-gazeteciligi-deklarasyonu\/\"]}]},{\"@type\":\"BreadcrumbList\",\"@id\":\"https:\/\/medyaetikkurulu.org\/index.php\/hakkimizda\/internet-gazeteciligi-deklarasyonu\/#breadcrumb\",\"itemListElement\":[{\"@type\":\"ListItem\",\"position\":1,\"name\":\"Anasayfa\",\"item\":\"https:\/\/medyaetikkurulu.org\/\"},{\"@type\":\"ListItem\",\"position\":2,\"name\":\"Hakk\u0131m\u0131zda\",\"item\":\"https:\/\/medyaetikkurulu.org\/index.php\/hakkimizda\/\"},{\"@type\":\"ListItem\",\"position\":3,\"name\":\"\u0130nternet Gazetecili\u011fi Deklarasyonu\"}]},{\"@type\":\"WebSite\",\"@id\":\"https:\/\/medyaetikkurulu.org\/#website\",\"url\":\"https:\/\/medyaetikkurulu.org\/\",\"name\":\"Medya Etik Kurulu\",\"description\":\"Medya Etik Kurulu\",\"publisher\":{\"@id\":\"https:\/\/medyaetikkurulu.org\/#organization\"},\"alternateName\":\"MEK\",\"potentialAction\":[{\"@type\":\"SearchAction\",\"target\":{\"@type\":\"EntryPoint\",\"urlTemplate\":\"https:\/\/medyaetikkurulu.org\/?s={search_term_string}\"},\"query-input\":{\"@type\":\"PropertyValueSpecification\",\"valueRequired\":true,\"valueName\":\"search_term_string\"}}],\"inLanguage\":\"tr\"},{\"@type\":\"Organization\",\"@id\":\"https:\/\/medyaetikkurulu.org\/#organization\",\"name\":\"Medya Etik Kurulu\",\"alternateName\":\"MEK\",\"url\":\"https:\/\/medyaetikkurulu.org\/\",\"logo\":{\"@type\":\"ImageObject\",\"inLanguage\":\"tr\",\"@id\":\"https:\/\/medyaetikkurulu.org\/#\/schema\/logo\/image\/\",\"url\":\"https:\/\/i0.wp.com\/medyaetikkurulu.org\/wp-content\/uploads\/2025\/05\/MEK-copy-1.png?fit=960%2C960\",\"contentUrl\":\"https:\/\/i0.wp.com\/medyaetikkurulu.org\/wp-content\/uploads\/2025\/05\/MEK-copy-1.png?fit=960%2C960\",\"width\":960,\"height\":960,\"caption\":\"Medya Etik Kurulu\"},\"image\":{\"@id\":\"https:\/\/medyaetikkurulu.org\/#\/schema\/logo\/image\/\"},\"sameAs\":[\"https:\/\/www.facebook.com\/medyaetikkurulu\",\"https:\/\/x.com\/medyaetikkurulu\",\"https:\/\/www.instagram.com\/medyaetikkurulu\"]}]}<\/script>\r\n<!-- \/ Yoast SEO plugin. -->","yoast_head_json":{"title":"\u0130nternet Gazetecili\u011fi Deklarasyonu - Medya Etik Kurulu","robots":{"index":"index","follow":"follow","max-snippet":"max-snippet:-1","max-image-preview":"max-image-preview:large","max-video-preview":"max-video-preview:-1"},"canonical":"https:\/\/medyaetikkurulu.org\/index.php\/hakkimizda\/internet-gazeteciligi-deklarasyonu\/","og_locale":"tr_TR","og_type":"article","og_title":"\u0130nternet Gazetecili\u011fi Deklarasyonu - Medya Etik Kurulu","og_description":"1. Gazetecilik meslek ilkeleri, internet haber siteleri i\u00e7in de ge\u00e7erlidir. K\u00fcnyede, \u201cbu haber sitesi, gazetecilik meslek ilkelerine uygun davran\u0131r\u201d \u015feklinde bir ifadeye yer verilir. 2. Haber siteleri, k\u00fcnye ve ileti\u015fim bilgilerini yay\u0131mlamakla y\u00fck\u00fcml\u00fcd\u00fcr. K\u00fcnyede, haber sitesinin sorumlu m\u00fcd\u00fcr\u00fcn\u00fcn kim oldu\u011fu a\u00e7\u0131k\u00e7a belirtilir. 3. Ba\u015fka bir medya kurulu\u015fundan al\u0131narak yay\u0131mlanan haberlerde kayna\u011f\u0131n belirtilmesi ve medya kurulu\u015funun [&hellip;]","og_url":"https:\/\/medyaetikkurulu.org\/index.php\/hakkimizda\/internet-gazeteciligi-deklarasyonu\/","og_site_name":"Medya Etik Kurulu","article_publisher":"https:\/\/www.facebook.com\/medyaetikkurulu","article_modified_time":"2025-06-02T13:50:01+00:00","og_image":[{"width":960,"height":960,"url":"https:\/\/i0.wp.com\/medyaetikkurulu.org\/wp-content\/uploads\/2025\/05\/MEK-copy-1.png?fit=960%2C960&ssl=1","type":"image\/png"}],"twitter_card":"summary_large_image","twitter_site":"@medyaetikkurulu","schema":{"@context":"https:\/\/schema.org","@graph":[{"@type":"WebPage","@id":"https:\/\/medyaetikkurulu.org\/index.php\/hakkimizda\/internet-gazeteciligi-deklarasyonu\/","url":"https:\/\/medyaetikkurulu.org\/index.php\/hakkimizda\/internet-gazeteciligi-deklarasyonu\/","name":"\u0130nternet Gazetecili\u011fi Deklarasyonu - Medya Etik Kurulu","isPartOf":{"@id":"https:\/\/medyaetikkurulu.org\/#website"},"datePublished":"2014-01-21T12:49:06+00:00","dateModified":"2025-06-02T13:50:01+00:00","breadcrumb":{"@id":"https:\/\/medyaetikkurulu.org\/index.php\/hakkimizda\/internet-gazeteciligi-deklarasyonu\/#breadcrumb"},"inLanguage":"tr","potentialAction":[{"@type":"ReadAction","target":["https:\/\/medyaetikkurulu.org\/index.php\/hakkimizda\/internet-gazeteciligi-deklarasyonu\/"]}]},{"@type":"BreadcrumbList","@id":"https:\/\/medyaetikkurulu.org\/index.php\/hakkimizda\/internet-gazeteciligi-deklarasyonu\/#breadcrumb","itemListElement":[{"@type":"ListItem","position":1,"name":"Anasayfa","item":"https:\/\/medyaetikkurulu.org\/"},{"@type":"ListItem","position":2,"name":"Hakk\u0131m\u0131zda","item":"https:\/\/medyaetikkurulu.org\/index.php\/hakkimizda\/"},{"@type":"ListItem","position":3,"name":"\u0130nternet Gazetecili\u011fi Deklarasyonu"}]},{"@type":"WebSite","@id":"https:\/\/medyaetikkurulu.org\/#website","url":"https:\/\/medyaetikkurulu.org\/","name":"Medya Etik Kurulu","description":"Medya Etik Kurulu","publisher":{"@id":"https:\/\/medyaetikkurulu.org\/#organization"},"alternateName":"MEK","potentialAction":[{"@type":"SearchAction","target":{"@type":"EntryPoint","urlTemplate":"https:\/\/medyaetikkurulu.org\/?s={search_term_string}"},"query-input":{"@type":"PropertyValueSpecification","valueRequired":true,"valueName":"search_term_string"}}],"inLanguage":"tr"},{"@type":"Organization","@id":"https:\/\/medyaetikkurulu.org\/#organization","name":"Medya Etik Kurulu","alternateName":"MEK","url":"https:\/\/medyaetikkurulu.org\/","logo":{"@type":"ImageObject","inLanguage":"tr","@id":"https:\/\/medyaetikkurulu.org\/#\/schema\/logo\/image\/","url":"https:\/\/i0.wp.com\/medyaetikkurulu.org\/wp-content\/uploads\/2025\/05\/MEK-copy-1.png?fit=960%2C960","contentUrl":"https:\/\/i0.wp.com\/medyaetikkurulu.org\/wp-content\/uploads\/2025\/05\/MEK-copy-1.png?fit=960%2C960","width":960,"height":960,"caption":"Medya Etik Kurulu"},"image":{"@id":"https:\/\/medyaetikkurulu.org\/#\/schema\/logo\/image\/"},"sameAs":["https:\/\/www.facebook.com\/medyaetikkurulu","https:\/\/x.com\/medyaetikkurulu","https:\/\/www.instagram.com\/medyaetikkurulu"]}]}},"jetpack_sharing_enabled":true,"_links":{"self":[{"href":"https:\/\/medyaetikkurulu.org\/index.php\/wp-json\/wp\/v2\/pages\/168","targetHints":{"allow":["GET"]}}],"collection":[{"href":"https:\/\/medyaetikkurulu.org\/index.php\/wp-json\/wp\/v2\/pages"}],"about":[{"href":"https:\/\/medyaetikkurulu.org\/index.php\/wp-json\/wp\/v2\/types\/page"}],"author":[{"embeddable":true,"href":"https:\/\/medyaetikkurulu.org\/index.php\/wp-json\/wp\/v2\/users\/2"}],"replies":[{"embeddable":true,"href":"https:\/\/medyaetikkurulu.org\/index.php\/wp-json\/wp\/v2\/comments?post=168"}],"version-history":[{"count":3,"href":"https:\/\/medyaetikkurulu.org\/index.php\/wp-json\/wp\/v2\/pages\/168\/revisions"}],"predecessor-version":[{"id":1131,"href":"https:\/\/medyaetikkurulu.org\/index.php\/wp-json\/wp\/v2\/pages\/168\/revisions\/1131"}],"up":[{"embeddable":true,"href":"https:\/\/medyaetikkurulu.org\/index.php\/wp-json\/wp\/v2\/pages\/706"}],"wp:attachment":[{"href":"https:\/\/medyaetikkurulu.org\/index.php\/wp-json\/wp\/v2\/media?parent=168"}],"curies":[{"name":"wp","href":"https:\/\/api.w.org\/{rel}","templated":true}]}}