{"id":32,"date":"2013-09-23T18:31:09","date_gmt":"2013-09-23T18:31:09","guid":{"rendered":"http:\/\/medyaetikkurulu.org\/wordpress\/?page_id=32"},"modified":"2025-06-02T15:50:21","modified_gmt":"2025-06-02T13:50:21","slug":"gazetecilik-meslek-ilkeleri","status":"publish","type":"page","link":"https:\/\/medyaetikkurulu.org\/index.php\/gazetecilik-meslek-ilkeleri\/","title":{"rendered":"Gazetecilik Meslek \u0130lkeleri"},"content":{"rendered":"\n<p><strong>1. Gazetecinin temel g\u00f6revi, ger\u00e7ekleri nesnel bir bi\u00e7imde, \u00e7arp\u0131tmadan, sans\u00fcrlemeden aktarmakt\u0131r.<\/strong><\/p>\n\n\n\n<p>2. Gazeteci, demokratik de\u011ferlere ve insan haklar\u0131na ayk\u0131r\u0131 yay\u0131n yapmamal\u0131d\u0131r.<\/p>\n\n\n\n<p><strong>3. Haber, yorum ve g\u00f6r\u00fc\u015fler okur ve izleyicinin yay\u0131n\u0131n niteli\u011fini anlayabilmesini sa\u011flayacak bi\u00e7imde, a\u00e7\u0131k\u00e7a birbirinden ayr\u0131lmal\u0131d\u0131r.<\/strong><\/p>\n\n\n\n<p>4. Bas\u0131n yay\u0131n organlar\u0131 masumiyet karinesine sayg\u0131l\u0131 olmal\u0131, su\u00e7lulu\u011fu yarg\u0131 karar\u0131yla sabit olmad\u0131k\u00e7a herhangi bir ki\u015fiyi su\u00e7lu ilan edecek yay\u0131n yapmaktan ka\u00e7\u0131nmal\u0131d\u0131r. Yarg\u0131 s\u00fcreci devam eden davalarda iddialar ve savunmalar adil ve dengeli bi\u00e7imde aktar\u0131lmal\u0131d\u0131r.<\/p>\n\n\n\n<p><strong>5. Zanl\u0131lar\u0131n, san\u0131klar\u0131n ve mahk\u00fbmlar\u0131n yak\u0131nlar\u0131, i\u015flenen fiille a\u00e7\u0131k\u00e7a ilgili bulunmad\u0131k\u00e7a ve olay\u0131n do\u011fru anla\u015f\u0131lmas\u0131 i\u00e7in gerekli olmad\u0131k\u00e7a te\u015fhir edilmemelidir.<\/strong><\/p>\n\n\n\n<p>6. \u00c7ocuklarla ilgili su\u00e7larda, zanl\u0131, san\u0131k, mahk\u00fbm, tan\u0131k, ma\u011fdur ya da maktul stat\u00fcs\u00fcnde olan 18 ya\u015f\u0131ndan k\u00fc\u00e7\u00fcklerin a\u00e7\u0131k isimleri ve foto\u011fraflar\u0131 yay\u0131mlanmamal\u0131, bu \u00e7ocuklarla, ebeveynlerinin veya hukuken \u00e7ocuktan sorumlu olan di\u011fer ki\u015filerin izni olmad\u0131k\u00e7a r\u00f6portaj yap\u0131lmamal\u0131d\u0131r.<\/p>\n\n\n\n<p><strong>7. Cinsel dokunulmazl\u0131\u011fa, kad\u0131n ve \u00e7ocuk istismar\u0131na ili\u015fkin su\u00e7larda, ma\u011fdurun a\u00e7\u0131k ismi ve foto\u011fraflar\u0131 yay\u0131mlanmamal\u0131; kimli\u011fini ortaya \u00e7\u0131karacak yay\u0131nlardan ka\u00e7\u0131n\u0131lmal\u0131d\u0131r.<\/strong><\/p>\n\n\n\n<p>8. Yay\u0131mlanan haber, g\u00f6r\u00fc\u015f ve yorumlarda, bir insan\u0131n davran\u0131\u015f\u0131n\u0131n veya i\u015fledi\u011fi su\u00e7un, haber konusu olayla do\u011frudan ilgili olmad\u0131k\u00e7a, onun \u0131rk\u0131ndan, milliyetinden, din\u00ee veya mezhepsel inanc\u0131ndan, cinsiyetinden, &nbsp;cinsel kimli\u011finden, cinsel y\u00f6neliminden, ya\u015f\u0131ndan, engelinden veya ba\u015fka bir \u00f6zelli\u011finden kaynakland\u0131\u011f\u0131n\u0131 ima eden vurgular yap\u0131lmamal\u0131d\u0131r.<\/p>\n\n\n\n<p><strong>9. T\u0131p alan\u0131nda, do\u011frulu\u011fu bilimsel d\u00fczeyde kan\u0131tlanmam\u0131\u015f y\u00f6ntem ve ila\u00e7lar\u0131n kullan\u0131lmas\u0131n\u0131 te\u015fvik etmeye y\u00f6nelik yay\u0131n yap\u0131lmamal\u0131d\u0131r.<\/strong><\/p>\n\n\n\n<p>10. Hastanelerde ara\u015ft\u0131rmalar yapan, bilgi ve g\u00f6r\u00fcnt\u00fc almaya \u00e7al\u0131\u015fan gazeteci, kimli\u011fini belirtmeli ve girilmesi yasak b\u00f6l\u00fcmlere ancak yetkililerin izniyle girmelidir. Yetkili ki\u015finin ve hastan\u0131n (onun izin veremeyecek durumda olmas\u0131 durumunda yak\u0131n\u0131n\u0131n) izni olmaks\u0131z\u0131n, hastane ve benzeri kurumlarda hi\u00e7bir yolla ses ve g\u00f6r\u00fcnt\u00fc al\u0131nmamal\u0131d\u0131r.<\/p>\n\n\n\n<p><strong>11. Tekzip ve cevap hakk\u0131na sayg\u0131 g\u00f6sterilmelidir.<\/strong><\/p>\n\n\n\n<p>12. \u00dcst\u00fcn kamu yarar\u0131 olmad\u0131k\u00e7a, sahibinin izni d\u0131\u015f\u0131nda belge, foto\u011fraf, ses veya g\u00f6r\u00fcnt\u00fc al\u0131nmamal\u0131d\u0131r.<\/p>\n\n\n\n<p><strong>13. \u0130ntihar olaylar\u0131 hakk\u0131nda, haber \u00e7er\u00e7evesini a\u015fan ve okuyucu veya izleyiciyi etki alt\u0131nda b\u0131rakacak, \u00f6zendirici nitelikte ve geni\u015flikte yay\u0131n yap\u0131lmamal\u0131d\u0131r. Olay\u0131n ayr\u0131nt\u0131lar\u0131ndan ve uygulanan y\u00f6ntemin tarifinden ka\u00e7\u0131n\u0131lmal\u0131, olay\u0131 g\u00f6steren foto\u011fraf, resim veya film yay\u0131mlanmamal\u0131d\u0131r.<\/strong><\/p>\n\n\n\n<p>14. Gazeteci, kendi \u00e7abas\u0131yla elde etmedik\u00e7e, bir haber kayna\u011f\u0131n\u0131n verdi\u011fi bilgi ve belgenin yay\u0131mlanaca\u011f\u0131 tarih konusundaki tercihine uymal\u0131d\u0131r.<\/p>\n\n\n\n<p><strong>15. \u015eiddeti hakl\u0131 g\u00f6steren, \u00f6zendiren ve k\u0131\u015fk\u0131rtan, nefret ve d\u00fc\u015fmanl\u0131\u011f\u0131 k\u00f6r\u00fckleyen nitelikte yay\u0131n yap\u0131lmamal\u0131d\u0131r.<\/strong><\/p>\n\n\n\n<p>16. Irka, milliyete, etnik k\u00f6kene, cinsel kimli\u011fe, cinsel y\u00f6nelime, dile, dine ve mezhebe y\u00f6nelik ayr\u0131mc\u0131l\u0131\u011f\u0131 te\u015fvik edecek yay\u0131n yap\u0131lmamal\u0131d\u0131r.<\/p>\n\n\n\n<p><strong>17. Gazeteci, haber ajanslar\u0131ndan veya ba\u015fka medya kurulu\u015flar\u0131ndan alarak do\u011frudan kulland\u0131\u011f\u0131 veya geli\u015ftirdi\u011fi haberlerde kaynak belirtmelidir.<\/strong><\/p>\n\n\n\n<p>18. Gazeteci, mesleki sayg\u0131nl\u0131\u011fa g\u00f6lge d\u00fc\u015f\u00fcrecek t\u00fcrden etkinliklerden ve g\u00f6revlerden uzak durmal\u0131d\u0131r.<\/p>\n\n\n\n<p><strong>19. Habere konu edilen veya edilmesi d\u00fc\u015f\u00fcn\u00fclen ki\u015fi ve kurumlardan, hediye, maddi \u00e7\u0131kar veya ayr\u0131cal\u0131k kabul edilmemelidir.<\/strong><\/p>\n\n\n\n<p>20. Gazeteci, elde etti\u011fi bilgileri do\u011frulatmak i\u00e7in \u00e7aba g\u00f6stermelidir.<\/p>\n\n\n\n<p><strong>21. Gazeteci, ki\u015fi ve kurulu\u015flar\u0131 ele\u015ftiri s\u0131n\u0131rlar\u0131 \u00f6tesinde a\u015fa\u011f\u0131layan, hakaret i\u00e7eren ifadeler kulllanmamal\u0131d\u0131r.<\/strong><\/p>\n\n\n\n<p>22. \u00d6zel ya\u015fam\u0131n gizlili\u011fi esast\u0131r. \u00dcst\u00fcn bir kamu yarar\u0131 olmad\u0131k\u00e7a veya ki\u015finin r\u0131zas\u0131 al\u0131nmad\u0131k\u00e7a \u00f6zel ya\u015fam\u0131n gizlili\u011fini ihl\u00e2l eden habercilik yap\u0131lmamal\u0131d\u0131r.<\/p>\n\n\n\n<p><strong>23. Gazeteci, gizlilik s\u00f6z\u00fc verdi\u011fi haber kayna\u011f\u0131n\u0131 a\u00e7\u0131klamamal\u0131d\u0131r. Kayna\u011f\u0131n kamuoyunu a\u00e7\u0131k\u00e7a yan\u0131ltt\u0131\u011f\u0131 durumlarda gizlilik ortadan kalkar.<\/strong><\/p>\n\n\n\n<p>24. Gazeteci, haberde yap\u0131lan yanl\u0131\u015f\u0131 en k\u0131sa s\u00fcrede d\u00fczeltmekle y\u00fck\u00fcml\u00fcd\u00fcr.<\/p>\n\n\n\n<p><strong>25. Haberde, konu\u015fmalardan ve deme\u00e7lerden yap\u0131lan al\u0131nt\u0131larda ba\u011flam sapt\u0131r\u0131lmamal\u0131d\u0131r.<\/strong><\/p>\n\n\n\n<p>26. \u00dcst\u00fcn kamu yarar\u0131 olmad\u0131k\u00e7a, gizli kamera, izinsiz ses kayd\u0131, kimlik gizleme ve benzeri y\u00f6ntemlerle haber ara\u015ft\u0131rmaktan ka\u00e7\u0131n\u0131lmal\u0131d\u0131r.<\/p>\n\n\n\n<p><strong>27. Kaza ve cinayet haberlerinde kan ve \u015fiddet unsurlar\u0131 i\u00e7eren foto\u011fraf ve g\u00f6r\u00fcnt\u00fcler yay\u0131mlanmamal\u0131d\u0131r.<\/strong><\/p>\n\n\n\n<p>28. Haber format\u0131na b\u00fcr\u00fcnm\u00fc\u015f reklamlarda, bu yay\u0131nlar\u0131n reklam oldu\u011fu a\u00e7\u0131k\u00e7a belirtilmelidir.<\/p>\n\n\n\n<p><strong>29. Gazeteci, bir haberin yay\u0131mlanmas\u0131 veya yay\u0131mlanmamas\u0131 kar\u015f\u0131l\u0131\u011f\u0131nda maddi veya manevi \u00e7\u0131kar pe\u015finde ko\u015fmamal\u0131d\u0131r.<\/strong><\/p>\n\n\n\n<p>30. Gazeteci kimli\u011fini ta\u015f\u0131yan herkes, gazetecili\u011fin evrensel ilkelerine uymaya \u00f6zen g\u00f6sterir.<\/p>\n","protected":false},"excerpt":{"rendered":"<p>1. Gazetecinin temel g\u00f6revi, ger\u00e7ekleri nesnel bir bi\u00e7imde, \u00e7arp\u0131tmadan, sans\u00fcrlemeden aktarmakt\u0131r. 2. Gazeteci, demokratik de\u011ferlere ve insan haklar\u0131na ayk\u0131r\u0131 yay\u0131n yapmamal\u0131d\u0131r. 3. Haber, yorum ve g\u00f6r\u00fc\u015fler okur ve izleyicinin yay\u0131n\u0131n niteli\u011fini anlayabilmesini sa\u011flayacak bi\u00e7imde, a\u00e7\u0131k\u00e7a birbirinden ayr\u0131lmal\u0131d\u0131r. 4. Bas\u0131n yay\u0131n organlar\u0131 masumiyet karinesine sayg\u0131l\u0131 olmal\u0131, su\u00e7lulu\u011fu yarg\u0131 karar\u0131yla sabit olmad\u0131k\u00e7a herhangi bir ki\u015fiyi su\u00e7lu ilan [&hellip;]<\/p>\n","protected":false},"author":2,"featured_media":0,"parent":0,"menu_order":0,"comment_status":"open","ping_status":"closed","template":"single-product","meta":{"saved_in_kubio":true,"footnotes":""},"class_list":["post-32","page","type-page","status-publish","hentry"],"kubio_ai_page_context":{"short_desc":"","purpose":"general"},"yoast_head":"<!-- This site is optimized with the Yoast SEO plugin v25.3.1 - https:\/\/yoast.com\/wordpress\/plugins\/seo\/ -->\r\n<title>Gazetecilik Meslek \u0130lkeleri - Medya Etik Kurulu<\/title>\r\n<meta name=\"robots\" content=\"index, follow, max-snippet:-1, max-image-preview:large, max-video-preview:-1\" \/>\r\n<link rel=\"canonical\" href=\"https:\/\/medyaetikkurulu.org\/index.php\/gazetecilik-meslek-ilkeleri\/\" \/>\r\n<meta property=\"og:locale\" content=\"tr_TR\" \/>\r\n<meta property=\"og:type\" content=\"article\" \/>\r\n<meta property=\"og:title\" content=\"Gazetecilik Meslek \u0130lkeleri - Medya Etik Kurulu\" \/>\r\n<meta property=\"og:description\" content=\"1. Gazetecinin temel g\u00f6revi, ger\u00e7ekleri nesnel bir bi\u00e7imde, \u00e7arp\u0131tmadan, sans\u00fcrlemeden aktarmakt\u0131r. 2. Gazeteci, demokratik de\u011ferlere ve insan haklar\u0131na ayk\u0131r\u0131 yay\u0131n yapmamal\u0131d\u0131r. 3. Haber, yorum ve g\u00f6r\u00fc\u015fler okur ve izleyicinin yay\u0131n\u0131n niteli\u011fini anlayabilmesini sa\u011flayacak bi\u00e7imde, a\u00e7\u0131k\u00e7a birbirinden ayr\u0131lmal\u0131d\u0131r. 4. Bas\u0131n yay\u0131n organlar\u0131 masumiyet karinesine sayg\u0131l\u0131 olmal\u0131, su\u00e7lulu\u011fu yarg\u0131 karar\u0131yla sabit olmad\u0131k\u00e7a herhangi bir ki\u015fiyi su\u00e7lu ilan [&hellip;]\" \/>\r\n<meta property=\"og:url\" content=\"https:\/\/medyaetikkurulu.org\/index.php\/gazetecilik-meslek-ilkeleri\/\" \/>\r\n<meta property=\"og:site_name\" content=\"Medya Etik Kurulu\" \/>\r\n<meta property=\"article:publisher\" content=\"https:\/\/www.facebook.com\/medyaetikkurulu\" \/>\r\n<meta property=\"article:modified_time\" content=\"2025-06-02T13:50:21+00:00\" \/>\r\n<meta property=\"og:image\" content=\"https:\/\/i0.wp.com\/medyaetikkurulu.org\/wp-content\/uploads\/2025\/05\/MEK-copy-1.png?fit=960%2C960&ssl=1\" \/>\r\n\t<meta property=\"og:image:width\" content=\"960\" \/>\r\n\t<meta property=\"og:image:height\" content=\"960\" \/>\r\n\t<meta property=\"og:image:type\" content=\"image\/png\" \/>\r\n<meta name=\"twitter:card\" content=\"summary_large_image\" \/>\r\n<meta name=\"twitter:site\" content=\"@medyaetikkurulu\" \/>\r\n<script type=\"application\/ld+json\" class=\"yoast-schema-graph\">{\"@context\":\"https:\/\/schema.org\",\"@graph\":[{\"@type\":\"WebPage\",\"@id\":\"https:\/\/medyaetikkurulu.org\/index.php\/gazetecilik-meslek-ilkeleri\/\",\"url\":\"https:\/\/medyaetikkurulu.org\/index.php\/gazetecilik-meslek-ilkeleri\/\",\"name\":\"Gazetecilik Meslek \u0130lkeleri - Medya Etik Kurulu\",\"isPartOf\":{\"@id\":\"https:\/\/medyaetikkurulu.org\/#website\"},\"datePublished\":\"2013-09-23T18:31:09+00:00\",\"dateModified\":\"2025-06-02T13:50:21+00:00\",\"breadcrumb\":{\"@id\":\"https:\/\/medyaetikkurulu.org\/index.php\/gazetecilik-meslek-ilkeleri\/#breadcrumb\"},\"inLanguage\":\"tr\",\"potentialAction\":[{\"@type\":\"ReadAction\",\"target\":[\"https:\/\/medyaetikkurulu.org\/index.php\/gazetecilik-meslek-ilkeleri\/\"]}]},{\"@type\":\"BreadcrumbList\",\"@id\":\"https:\/\/medyaetikkurulu.org\/index.php\/gazetecilik-meslek-ilkeleri\/#breadcrumb\",\"itemListElement\":[{\"@type\":\"ListItem\",\"position\":1,\"name\":\"Anasayfa\",\"item\":\"https:\/\/medyaetikkurulu.org\/\"},{\"@type\":\"ListItem\",\"position\":2,\"name\":\"Gazetecilik Meslek \u0130lkeleri\"}]},{\"@type\":\"WebSite\",\"@id\":\"https:\/\/medyaetikkurulu.org\/#website\",\"url\":\"https:\/\/medyaetikkurulu.org\/\",\"name\":\"Medya Etik Kurulu\",\"description\":\"Medya Etik Kurulu\",\"publisher\":{\"@id\":\"https:\/\/medyaetikkurulu.org\/#organization\"},\"alternateName\":\"MEK\",\"potentialAction\":[{\"@type\":\"SearchAction\",\"target\":{\"@type\":\"EntryPoint\",\"urlTemplate\":\"https:\/\/medyaetikkurulu.org\/?s={search_term_string}\"},\"query-input\":{\"@type\":\"PropertyValueSpecification\",\"valueRequired\":true,\"valueName\":\"search_term_string\"}}],\"inLanguage\":\"tr\"},{\"@type\":\"Organization\",\"@id\":\"https:\/\/medyaetikkurulu.org\/#organization\",\"name\":\"Medya Etik Kurulu\",\"alternateName\":\"MEK\",\"url\":\"https:\/\/medyaetikkurulu.org\/\",\"logo\":{\"@type\":\"ImageObject\",\"inLanguage\":\"tr\",\"@id\":\"https:\/\/medyaetikkurulu.org\/#\/schema\/logo\/image\/\",\"url\":\"https:\/\/i0.wp.com\/medyaetikkurulu.org\/wp-content\/uploads\/2025\/05\/MEK-copy-1.png?fit=960%2C960\",\"contentUrl\":\"https:\/\/i0.wp.com\/medyaetikkurulu.org\/wp-content\/uploads\/2025\/05\/MEK-copy-1.png?fit=960%2C960\",\"width\":960,\"height\":960,\"caption\":\"Medya Etik Kurulu\"},\"image\":{\"@id\":\"https:\/\/medyaetikkurulu.org\/#\/schema\/logo\/image\/\"},\"sameAs\":[\"https:\/\/www.facebook.com\/medyaetikkurulu\",\"https:\/\/x.com\/medyaetikkurulu\",\"https:\/\/www.instagram.com\/medyaetikkurulu\"]}]}<\/script>\r\n<!-- \/ Yoast SEO plugin. -->","yoast_head_json":{"title":"Gazetecilik Meslek \u0130lkeleri - Medya Etik Kurulu","robots":{"index":"index","follow":"follow","max-snippet":"max-snippet:-1","max-image-preview":"max-image-preview:large","max-video-preview":"max-video-preview:-1"},"canonical":"https:\/\/medyaetikkurulu.org\/index.php\/gazetecilik-meslek-ilkeleri\/","og_locale":"tr_TR","og_type":"article","og_title":"Gazetecilik Meslek \u0130lkeleri - Medya Etik Kurulu","og_description":"1. Gazetecinin temel g\u00f6revi, ger\u00e7ekleri nesnel bir bi\u00e7imde, \u00e7arp\u0131tmadan, sans\u00fcrlemeden aktarmakt\u0131r. 2. Gazeteci, demokratik de\u011ferlere ve insan haklar\u0131na ayk\u0131r\u0131 yay\u0131n yapmamal\u0131d\u0131r. 3. Haber, yorum ve g\u00f6r\u00fc\u015fler okur ve izleyicinin yay\u0131n\u0131n niteli\u011fini anlayabilmesini sa\u011flayacak bi\u00e7imde, a\u00e7\u0131k\u00e7a birbirinden ayr\u0131lmal\u0131d\u0131r. 4. Bas\u0131n yay\u0131n organlar\u0131 masumiyet karinesine sayg\u0131l\u0131 olmal\u0131, su\u00e7lulu\u011fu yarg\u0131 karar\u0131yla sabit olmad\u0131k\u00e7a herhangi bir ki\u015fiyi su\u00e7lu ilan [&hellip;]","og_url":"https:\/\/medyaetikkurulu.org\/index.php\/gazetecilik-meslek-ilkeleri\/","og_site_name":"Medya Etik Kurulu","article_publisher":"https:\/\/www.facebook.com\/medyaetikkurulu","article_modified_time":"2025-06-02T13:50:21+00:00","og_image":[{"width":960,"height":960,"url":"https:\/\/i0.wp.com\/medyaetikkurulu.org\/wp-content\/uploads\/2025\/05\/MEK-copy-1.png?fit=960%2C960&ssl=1","type":"image\/png"}],"twitter_card":"summary_large_image","twitter_site":"@medyaetikkurulu","schema":{"@context":"https:\/\/schema.org","@graph":[{"@type":"WebPage","@id":"https:\/\/medyaetikkurulu.org\/index.php\/gazetecilik-meslek-ilkeleri\/","url":"https:\/\/medyaetikkurulu.org\/index.php\/gazetecilik-meslek-ilkeleri\/","name":"Gazetecilik Meslek \u0130lkeleri - Medya Etik Kurulu","isPartOf":{"@id":"https:\/\/medyaetikkurulu.org\/#website"},"datePublished":"2013-09-23T18:31:09+00:00","dateModified":"2025-06-02T13:50:21+00:00","breadcrumb":{"@id":"https:\/\/medyaetikkurulu.org\/index.php\/gazetecilik-meslek-ilkeleri\/#breadcrumb"},"inLanguage":"tr","potentialAction":[{"@type":"ReadAction","target":["https:\/\/medyaetikkurulu.org\/index.php\/gazetecilik-meslek-ilkeleri\/"]}]},{"@type":"BreadcrumbList","@id":"https:\/\/medyaetikkurulu.org\/index.php\/gazetecilik-meslek-ilkeleri\/#breadcrumb","itemListElement":[{"@type":"ListItem","position":1,"name":"Anasayfa","item":"https:\/\/medyaetikkurulu.org\/"},{"@type":"ListItem","position":2,"name":"Gazetecilik Meslek \u0130lkeleri"}]},{"@type":"WebSite","@id":"https:\/\/medyaetikkurulu.org\/#website","url":"https:\/\/medyaetikkurulu.org\/","name":"Medya Etik Kurulu","description":"Medya Etik Kurulu","publisher":{"@id":"https:\/\/medyaetikkurulu.org\/#organization"},"alternateName":"MEK","potentialAction":[{"@type":"SearchAction","target":{"@type":"EntryPoint","urlTemplate":"https:\/\/medyaetikkurulu.org\/?s={search_term_string}"},"query-input":{"@type":"PropertyValueSpecification","valueRequired":true,"valueName":"search_term_string"}}],"inLanguage":"tr"},{"@type":"Organization","@id":"https:\/\/medyaetikkurulu.org\/#organization","name":"Medya Etik Kurulu","alternateName":"MEK","url":"https:\/\/medyaetikkurulu.org\/","logo":{"@type":"ImageObject","inLanguage":"tr","@id":"https:\/\/medyaetikkurulu.org\/#\/schema\/logo\/image\/","url":"https:\/\/i0.wp.com\/medyaetikkurulu.org\/wp-content\/uploads\/2025\/05\/MEK-copy-1.png?fit=960%2C960","contentUrl":"https:\/\/i0.wp.com\/medyaetikkurulu.org\/wp-content\/uploads\/2025\/05\/MEK-copy-1.png?fit=960%2C960","width":960,"height":960,"caption":"Medya Etik Kurulu"},"image":{"@id":"https:\/\/medyaetikkurulu.org\/#\/schema\/logo\/image\/"},"sameAs":["https:\/\/www.facebook.com\/medyaetikkurulu","https:\/\/x.com\/medyaetikkurulu","https:\/\/www.instagram.com\/medyaetikkurulu"]}]}},"jetpack_sharing_enabled":true,"_links":{"self":[{"href":"https:\/\/medyaetikkurulu.org\/index.php\/wp-json\/wp\/v2\/pages\/32","targetHints":{"allow":["GET"]}}],"collection":[{"href":"https:\/\/medyaetikkurulu.org\/index.php\/wp-json\/wp\/v2\/pages"}],"about":[{"href":"https:\/\/medyaetikkurulu.org\/index.php\/wp-json\/wp\/v2\/types\/page"}],"author":[{"embeddable":true,"href":"https:\/\/medyaetikkurulu.org\/index.php\/wp-json\/wp\/v2\/users\/2"}],"replies":[{"embeddable":true,"href":"https:\/\/medyaetikkurulu.org\/index.php\/wp-json\/wp\/v2\/comments?post=32"}],"version-history":[{"count":6,"href":"https:\/\/medyaetikkurulu.org\/index.php\/wp-json\/wp\/v2\/pages\/32\/revisions"}],"predecessor-version":[{"id":1136,"href":"https:\/\/medyaetikkurulu.org\/index.php\/wp-json\/wp\/v2\/pages\/32\/revisions\/1136"}],"wp:attachment":[{"href":"https:\/\/medyaetikkurulu.org\/index.php\/wp-json\/wp\/v2\/media?parent=32"}],"curies":[{"name":"wp","href":"https:\/\/api.w.org\/{rel}","templated":true}]}}