{"id":64,"date":"2013-09-23T19:13:35","date_gmt":"2013-09-23T19:13:35","guid":{"rendered":"http:\/\/medyaetikkurulu.org\/wordpress\/?page_id=64"},"modified":"2025-06-02T15:47:58","modified_gmt":"2025-06-02T13:47:58","slug":"tarihce-2","status":"publish","type":"page","link":"https:\/\/medyaetikkurulu.org\/index.php\/hakkimizda\/tarihce-2\/","title":{"rendered":"Tarih\u00e7e"},"content":{"rendered":"\n<p>Medya Etik Kurulu\u2019nun olu\u015fturulmas\u0131na y\u00f6nelik ilk ad\u0131m, K\u0131br\u0131s T\u00fcrk Gazeteciler Birli\u011fi taraf\u0131ndan 8 Ocak 2011 tarihinde, KTGB lokalinde d\u00fczenlenen \u201cMedya Etik Deklarasyonu Bulu\u015fmas\u0131\u201d isimli toplant\u0131da at\u0131ld\u0131. Toplant\u0131da, Medya Etik Deklarasyonu olu\u015fturulmas\u0131 i\u00e7in \u00e7al\u0131\u015fmalara ba\u015flanmas\u0131 karar\u0131 al\u0131nd\u0131.<\/p>\n\n\n\n<p>2013 y\u0131l\u0131 ba\u015f\u0131nda \u00e7al\u0131\u015fmalar\u0131n\u0131 h\u0131zland\u0131ran K\u0131br\u0131s T\u00fcrk Gazeteciler Birli\u011fi Y\u00f6netim Kurulu, di\u011fer meslek \u00f6rg\u00fctleriyle de ili\u015fkiye ge\u00e7erek, bu \u00f6rg\u00fctlerle birlikte Medya Etik Kurulu Deklarasyonu\u2019nu haz\u0131rlad\u0131. 1 Nisan 2013 tarihinde d\u00fczenlenen bas\u0131n toplant\u0131s\u0131yla duyurulan Medya Etik Kurulu Deklarasyonu\u2019na K\u0131br\u0131s T\u00fcrk Gazeteciler Birli\u011fi (KTGB) Ba\u015fkan\u0131 H\u00fcseyin G\u00fcven, K\u0131br\u0131s T\u00fcrk Spor Yazarlar\u0131 Derne\u011fi (KTSYD) Ba\u015fkan\u0131 Og\u00fcn Gen\u00e7 Ka\u00e7maz, Haber Kameramanlar\u0131 Birli\u011fi Temsilcisi Sava\u015f Leylek, K\u0131br\u0131s T\u00fcrk Karikat\u00fcrc\u00fcler Derne\u011fi Ba\u015fkan\u0131 H\u00fcseyin \u00c7akmak, Bayrak Radyo Televizyon Kurumu \u00c7al\u0131\u015fanlar\u0131 Sendikas\u0131 (BAY-SEN) Ba\u015fkan\u0131 Salih Sakall\u0131 imza koydu.<\/p>\n\n\n\n<p>Deklarasyonun \u00f6ng\u00f6rd\u00fc\u011f\u00fc \u015fekilde olu\u015fturulan Medya Etik Kurulu ilk toplant\u0131s\u0131n\u0131 13 Haziran 2013 tarihinde yapt\u0131. Kurulda, \u0130leti\u015fim Fak\u00fcltelerini temsilen Do\u011fu Akdeniz \u00dcniversitesi (DA\u00dc) \u0130leti\u015fim Fak\u00fcltesi Dekan\u0131 Profes\u00f6r Dr. S\u00fcleyman \u0130rvan, Yak\u0131n Do\u011fu \u00dcniversitesi (YD\u00dc) \u0130leti\u015fim Fak\u00fcltesi \u00f6\u011fretim \u00fcyesi Yard\u0131mc\u0131 Do\u00e7ent Dr. G\u00fcrdal H\u00fcdao\u011flu, bas\u0131n meslek \u00f6rg\u00fctlerini temsilen KTGB Ba\u015fkan\u0131 H\u00fcseyin G\u00fcven, gazeteciler Hasan Kahvecio\u011flu, Erten Kas\u0131mo\u011flu ve Erdin\u00e7 G\u00fcnd\u00fcz ile Barolar Birli\u011fi temsilcisi Avukat \u00d6ncel Polili g\u00f6rev ald\u0131. Kurul, ilk toplant\u0131s\u0131nda ba\u015fkanl\u0131\u011fa Prof.Dr. S\u00fcleyman \u0130rvan\u2019\u0131, ba\u015fkan yard\u0131mc\u0131l\u0131\u011f\u0131na da Yrd.Do\u00e7.Dr. G\u00fcrdal H\u00fcdao\u011flu\u2019nu getirdi. Kurul ayr\u0131ca, Gazetecilik Etik \u0130lkeleri\u2019ne son \u015feklinin verilmesi i\u00e7in \u00e7al\u0131\u015fma yap\u0131lmas\u0131n\u0131 kararla\u015ft\u0131rd\u0131.<\/p>\n\n\n\n<p>\u00c7al\u0131\u015fmalar\u0131n\u0131 tamamlayan kurul, fiili olarak i\u015flemeye ba\u015flamadan \u00f6nce medya kurulu\u015flar\u0131n\u0131n imzal\u0131 desteklerini almak i\u00e7in ziyaretler ger\u00e7ekle\u015ftirdi. Geleneksel medya olarak nitelenen t\u00fcm g\u00fcnl\u00fck gazetelerin ve televizyon kurulu\u015flar\u0131n\u0131n y\u00f6ntecileriyle kurul ad\u0131na g\u00f6r\u00fc\u015fen Prof.Dr. S\u00fcleyman \u0130rvan, Yrd.Do\u00e7.Dr. G\u00fcrdal H\u00fcdao\u011flu ve gazeteci H\u00fcseyin G\u00fcven, deklarasyona y\u00f6neticilerden imza ald\u0131. Bu s\u00fcre\u00e7te, sadece T\u00fcrk Ajans\u0131 K\u0131br\u0131s (TAK) M\u00fcd\u00fcr\u00fc H\u00fcseyin Yalyal\u0131 deklarasyonu imzalamad\u0131. Gerek\u00e7e olarak da TAK Y\u00f6netim Kurulu onay\u0131n\u0131n gerekti\u011fini belirtti. Demokrat Bak\u0131\u015f gazetesinden ise t\u00fcm u\u011fra\u015flara kar\u015f\u0131n randevu al\u0131namad\u0131. \u0130nternet gazetelerine de ula\u015fmak i\u00e7in \u00e7aba g\u00f6steren kurul, \u00e7o\u011fu gazetenin imzal\u0131 ya da s\u00f6zl\u00fc deste\u011fini ald\u0131.<\/p>\n","protected":false},"excerpt":{"rendered":"<p>Medya Etik Kurulu\u2019nun olu\u015fturulmas\u0131na y\u00f6nelik ilk ad\u0131m, K\u0131br\u0131s T\u00fcrk Gazeteciler Birli\u011fi taraf\u0131ndan 8 Ocak 2011 tarihinde, KTGB lokalinde d\u00fczenlenen \u201cMedya Etik Deklarasyonu Bulu\u015fmas\u0131\u201d isimli toplant\u0131da at\u0131ld\u0131. Toplant\u0131da, Medya Etik Deklarasyonu olu\u015fturulmas\u0131 i\u00e7in \u00e7al\u0131\u015fmalara ba\u015flanmas\u0131 karar\u0131 al\u0131nd\u0131. 2013 y\u0131l\u0131 ba\u015f\u0131nda \u00e7al\u0131\u015fmalar\u0131n\u0131 h\u0131zland\u0131ran K\u0131br\u0131s T\u00fcrk Gazeteciler Birli\u011fi Y\u00f6netim Kurulu, di\u011fer meslek \u00f6rg\u00fctleriyle de ili\u015fkiye ge\u00e7erek, bu \u00f6rg\u00fctlerle [&hellip;]<\/p>\n","protected":false},"author":2,"featured_media":0,"parent":706,"menu_order":0,"comment_status":"open","ping_status":"open","template":"single-product","meta":{"saved_in_kubio":false,"footnotes":""},"class_list":["post-64","page","type-page","status-publish","hentry"],"kubio_ai_page_context":{"short_desc":"","purpose":"general"},"yoast_head":"<!-- This site is optimized with the Yoast SEO plugin v25.3.1 - https:\/\/yoast.com\/wordpress\/plugins\/seo\/ -->\r\n<title>Tarih\u00e7e - Medya Etik Kurulu<\/title>\r\n<meta name=\"robots\" content=\"index, follow, max-snippet:-1, max-image-preview:large, max-video-preview:-1\" \/>\r\n<link rel=\"canonical\" href=\"https:\/\/medyaetikkurulu.org\/index.php\/hakkimizda\/tarihce-2\/\" \/>\r\n<meta property=\"og:locale\" content=\"tr_TR\" \/>\r\n<meta property=\"og:type\" content=\"article\" \/>\r\n<meta property=\"og:title\" content=\"Tarih\u00e7e - Medya Etik Kurulu\" \/>\r\n<meta property=\"og:description\" content=\"Medya Etik Kurulu\u2019nun olu\u015fturulmas\u0131na y\u00f6nelik ilk ad\u0131m, K\u0131br\u0131s T\u00fcrk Gazeteciler Birli\u011fi taraf\u0131ndan 8 Ocak 2011 tarihinde, KTGB lokalinde d\u00fczenlenen \u201cMedya Etik Deklarasyonu Bulu\u015fmas\u0131\u201d isimli toplant\u0131da at\u0131ld\u0131. Toplant\u0131da, Medya Etik Deklarasyonu olu\u015fturulmas\u0131 i\u00e7in \u00e7al\u0131\u015fmalara ba\u015flanmas\u0131 karar\u0131 al\u0131nd\u0131. 2013 y\u0131l\u0131 ba\u015f\u0131nda \u00e7al\u0131\u015fmalar\u0131n\u0131 h\u0131zland\u0131ran K\u0131br\u0131s T\u00fcrk Gazeteciler Birli\u011fi Y\u00f6netim Kurulu, di\u011fer meslek \u00f6rg\u00fctleriyle de ili\u015fkiye ge\u00e7erek, bu \u00f6rg\u00fctlerle [&hellip;]\" \/>\r\n<meta property=\"og:url\" content=\"https:\/\/medyaetikkurulu.org\/index.php\/hakkimizda\/tarihce-2\/\" \/>\r\n<meta property=\"og:site_name\" content=\"Medya Etik Kurulu\" \/>\r\n<meta property=\"article:publisher\" content=\"https:\/\/www.facebook.com\/medyaetikkurulu\" \/>\r\n<meta property=\"article:modified_time\" content=\"2025-06-02T13:47:58+00:00\" \/>\r\n<meta property=\"og:image\" content=\"https:\/\/i0.wp.com\/medyaetikkurulu.org\/wp-content\/uploads\/2025\/05\/MEK-copy-1.png?fit=960%2C960&ssl=1\" \/>\r\n\t<meta property=\"og:image:width\" content=\"960\" \/>\r\n\t<meta property=\"og:image:height\" content=\"960\" \/>\r\n\t<meta property=\"og:image:type\" content=\"image\/png\" \/>\r\n<meta name=\"twitter:card\" content=\"summary_large_image\" \/>\r\n<meta name=\"twitter:site\" content=\"@medyaetikkurulu\" \/>\r\n<script type=\"application\/ld+json\" class=\"yoast-schema-graph\">{\"@context\":\"https:\/\/schema.org\",\"@graph\":[{\"@type\":\"WebPage\",\"@id\":\"https:\/\/medyaetikkurulu.org\/index.php\/hakkimizda\/tarihce-2\/\",\"url\":\"https:\/\/medyaetikkurulu.org\/index.php\/hakkimizda\/tarihce-2\/\",\"name\":\"Tarih\u00e7e - Medya Etik Kurulu\",\"isPartOf\":{\"@id\":\"https:\/\/medyaetikkurulu.org\/#website\"},\"datePublished\":\"2013-09-23T19:13:35+00:00\",\"dateModified\":\"2025-06-02T13:47:58+00:00\",\"breadcrumb\":{\"@id\":\"https:\/\/medyaetikkurulu.org\/index.php\/hakkimizda\/tarihce-2\/#breadcrumb\"},\"inLanguage\":\"tr\",\"potentialAction\":[{\"@type\":\"ReadAction\",\"target\":[\"https:\/\/medyaetikkurulu.org\/index.php\/hakkimizda\/tarihce-2\/\"]}]},{\"@type\":\"BreadcrumbList\",\"@id\":\"https:\/\/medyaetikkurulu.org\/index.php\/hakkimizda\/tarihce-2\/#breadcrumb\",\"itemListElement\":[{\"@type\":\"ListItem\",\"position\":1,\"name\":\"Anasayfa\",\"item\":\"https:\/\/medyaetikkurulu.org\/\"},{\"@type\":\"ListItem\",\"position\":2,\"name\":\"Hakk\u0131m\u0131zda\",\"item\":\"https:\/\/medyaetikkurulu.org\/index.php\/hakkimizda\/\"},{\"@type\":\"ListItem\",\"position\":3,\"name\":\"Tarih\u00e7e\"}]},{\"@type\":\"WebSite\",\"@id\":\"https:\/\/medyaetikkurulu.org\/#website\",\"url\":\"https:\/\/medyaetikkurulu.org\/\",\"name\":\"Medya Etik Kurulu\",\"description\":\"Medya Etik Kurulu\",\"publisher\":{\"@id\":\"https:\/\/medyaetikkurulu.org\/#organization\"},\"alternateName\":\"MEK\",\"potentialAction\":[{\"@type\":\"SearchAction\",\"target\":{\"@type\":\"EntryPoint\",\"urlTemplate\":\"https:\/\/medyaetikkurulu.org\/?s={search_term_string}\"},\"query-input\":{\"@type\":\"PropertyValueSpecification\",\"valueRequired\":true,\"valueName\":\"search_term_string\"}}],\"inLanguage\":\"tr\"},{\"@type\":\"Organization\",\"@id\":\"https:\/\/medyaetikkurulu.org\/#organization\",\"name\":\"Medya Etik Kurulu\",\"alternateName\":\"MEK\",\"url\":\"https:\/\/medyaetikkurulu.org\/\",\"logo\":{\"@type\":\"ImageObject\",\"inLanguage\":\"tr\",\"@id\":\"https:\/\/medyaetikkurulu.org\/#\/schema\/logo\/image\/\",\"url\":\"https:\/\/i0.wp.com\/medyaetikkurulu.org\/wp-content\/uploads\/2025\/05\/MEK-copy-1.png?fit=960%2C960\",\"contentUrl\":\"https:\/\/i0.wp.com\/medyaetikkurulu.org\/wp-content\/uploads\/2025\/05\/MEK-copy-1.png?fit=960%2C960\",\"width\":960,\"height\":960,\"caption\":\"Medya Etik Kurulu\"},\"image\":{\"@id\":\"https:\/\/medyaetikkurulu.org\/#\/schema\/logo\/image\/\"},\"sameAs\":[\"https:\/\/www.facebook.com\/medyaetikkurulu\",\"https:\/\/x.com\/medyaetikkurulu\",\"https:\/\/www.instagram.com\/medyaetikkurulu\"]}]}<\/script>\r\n<!-- \/ Yoast SEO plugin. -->","yoast_head_json":{"title":"Tarih\u00e7e - Medya Etik Kurulu","robots":{"index":"index","follow":"follow","max-snippet":"max-snippet:-1","max-image-preview":"max-image-preview:large","max-video-preview":"max-video-preview:-1"},"canonical":"https:\/\/medyaetikkurulu.org\/index.php\/hakkimizda\/tarihce-2\/","og_locale":"tr_TR","og_type":"article","og_title":"Tarih\u00e7e - Medya Etik Kurulu","og_description":"Medya Etik Kurulu\u2019nun olu\u015fturulmas\u0131na y\u00f6nelik ilk ad\u0131m, K\u0131br\u0131s T\u00fcrk Gazeteciler Birli\u011fi taraf\u0131ndan 8 Ocak 2011 tarihinde, KTGB lokalinde d\u00fczenlenen \u201cMedya Etik Deklarasyonu Bulu\u015fmas\u0131\u201d isimli toplant\u0131da at\u0131ld\u0131. Toplant\u0131da, Medya Etik Deklarasyonu olu\u015fturulmas\u0131 i\u00e7in \u00e7al\u0131\u015fmalara ba\u015flanmas\u0131 karar\u0131 al\u0131nd\u0131. 2013 y\u0131l\u0131 ba\u015f\u0131nda \u00e7al\u0131\u015fmalar\u0131n\u0131 h\u0131zland\u0131ran K\u0131br\u0131s T\u00fcrk Gazeteciler Birli\u011fi Y\u00f6netim Kurulu, di\u011fer meslek \u00f6rg\u00fctleriyle de ili\u015fkiye ge\u00e7erek, bu \u00f6rg\u00fctlerle [&hellip;]","og_url":"https:\/\/medyaetikkurulu.org\/index.php\/hakkimizda\/tarihce-2\/","og_site_name":"Medya Etik Kurulu","article_publisher":"https:\/\/www.facebook.com\/medyaetikkurulu","article_modified_time":"2025-06-02T13:47:58+00:00","og_image":[{"width":960,"height":960,"url":"https:\/\/i0.wp.com\/medyaetikkurulu.org\/wp-content\/uploads\/2025\/05\/MEK-copy-1.png?fit=960%2C960&ssl=1","type":"image\/png"}],"twitter_card":"summary_large_image","twitter_site":"@medyaetikkurulu","schema":{"@context":"https:\/\/schema.org","@graph":[{"@type":"WebPage","@id":"https:\/\/medyaetikkurulu.org\/index.php\/hakkimizda\/tarihce-2\/","url":"https:\/\/medyaetikkurulu.org\/index.php\/hakkimizda\/tarihce-2\/","name":"Tarih\u00e7e - Medya Etik Kurulu","isPartOf":{"@id":"https:\/\/medyaetikkurulu.org\/#website"},"datePublished":"2013-09-23T19:13:35+00:00","dateModified":"2025-06-02T13:47:58+00:00","breadcrumb":{"@id":"https:\/\/medyaetikkurulu.org\/index.php\/hakkimizda\/tarihce-2\/#breadcrumb"},"inLanguage":"tr","potentialAction":[{"@type":"ReadAction","target":["https:\/\/medyaetikkurulu.org\/index.php\/hakkimizda\/tarihce-2\/"]}]},{"@type":"BreadcrumbList","@id":"https:\/\/medyaetikkurulu.org\/index.php\/hakkimizda\/tarihce-2\/#breadcrumb","itemListElement":[{"@type":"ListItem","position":1,"name":"Anasayfa","item":"https:\/\/medyaetikkurulu.org\/"},{"@type":"ListItem","position":2,"name":"Hakk\u0131m\u0131zda","item":"https:\/\/medyaetikkurulu.org\/index.php\/hakkimizda\/"},{"@type":"ListItem","position":3,"name":"Tarih\u00e7e"}]},{"@type":"WebSite","@id":"https:\/\/medyaetikkurulu.org\/#website","url":"https:\/\/medyaetikkurulu.org\/","name":"Medya Etik Kurulu","description":"Medya Etik Kurulu","publisher":{"@id":"https:\/\/medyaetikkurulu.org\/#organization"},"alternateName":"MEK","potentialAction":[{"@type":"SearchAction","target":{"@type":"EntryPoint","urlTemplate":"https:\/\/medyaetikkurulu.org\/?s={search_term_string}"},"query-input":{"@type":"PropertyValueSpecification","valueRequired":true,"valueName":"search_term_string"}}],"inLanguage":"tr"},{"@type":"Organization","@id":"https:\/\/medyaetikkurulu.org\/#organization","name":"Medya Etik Kurulu","alternateName":"MEK","url":"https:\/\/medyaetikkurulu.org\/","logo":{"@type":"ImageObject","inLanguage":"tr","@id":"https:\/\/medyaetikkurulu.org\/#\/schema\/logo\/image\/","url":"https:\/\/i0.wp.com\/medyaetikkurulu.org\/wp-content\/uploads\/2025\/05\/MEK-copy-1.png?fit=960%2C960","contentUrl":"https:\/\/i0.wp.com\/medyaetikkurulu.org\/wp-content\/uploads\/2025\/05\/MEK-copy-1.png?fit=960%2C960","width":960,"height":960,"caption":"Medya Etik Kurulu"},"image":{"@id":"https:\/\/medyaetikkurulu.org\/#\/schema\/logo\/image\/"},"sameAs":["https:\/\/www.facebook.com\/medyaetikkurulu","https:\/\/x.com\/medyaetikkurulu","https:\/\/www.instagram.com\/medyaetikkurulu"]}]}},"jetpack_sharing_enabled":true,"_links":{"self":[{"href":"https:\/\/medyaetikkurulu.org\/index.php\/wp-json\/wp\/v2\/pages\/64","targetHints":{"allow":["GET"]}}],"collection":[{"href":"https:\/\/medyaetikkurulu.org\/index.php\/wp-json\/wp\/v2\/pages"}],"about":[{"href":"https:\/\/medyaetikkurulu.org\/index.php\/wp-json\/wp\/v2\/types\/page"}],"author":[{"embeddable":true,"href":"https:\/\/medyaetikkurulu.org\/index.php\/wp-json\/wp\/v2\/users\/2"}],"replies":[{"embeddable":true,"href":"https:\/\/medyaetikkurulu.org\/index.php\/wp-json\/wp\/v2\/comments?post=64"}],"version-history":[{"count":1,"href":"https:\/\/medyaetikkurulu.org\/index.php\/wp-json\/wp\/v2\/pages\/64\/revisions"}],"predecessor-version":[{"id":1043,"href":"https:\/\/medyaetikkurulu.org\/index.php\/wp-json\/wp\/v2\/pages\/64\/revisions\/1043"}],"up":[{"embeddable":true,"href":"https:\/\/medyaetikkurulu.org\/index.php\/wp-json\/wp\/v2\/pages\/706"}],"wp:attachment":[{"href":"https:\/\/medyaetikkurulu.org\/index.php\/wp-json\/wp\/v2\/media?parent=64"}],"curies":[{"name":"wp","href":"https:\/\/api.w.org\/{rel}","templated":true}]}}