{"id":706,"date":"2013-06-14T13:18:28","date_gmt":"2013-06-14T13:18:28","guid":{"rendered":"http:\/\/medyaetikkurulu.org\/wordpress\/?page_id=7"},"modified":"2025-06-02T15:54:21","modified_gmt":"2025-06-02T13:54:21","slug":"hakkimizda","status":"publish","type":"page","link":"https:\/\/medyaetikkurulu.org\/index.php\/hakkimizda\/","title":{"rendered":"Hakk\u0131m\u0131zda"},"content":{"rendered":"\n<p>Medya Etik Kurulu, bas\u0131n \u00f6zg\u00fcrl\u00fc\u011f\u00fcn\u00fcn sorumluluk bilinciyle y\u00fcr\u00fct\u00fclmesini ve gazetecilik ilkelerine uygun haber yap\u0131lmas\u0131n\u0131 ama\u00e7layan bir sivil inisiyatiftir. Bas\u0131n-yay\u0131n alan\u0131nda faaliyet g\u00f6steren \u00e7e\u015fitli birlikler, dernekler ve sendikalar\u0131n ortak iradesiyle kurulan Kurul, gazetecilik meslek ilkelerini benimseyerek medya organlar\u0131n\u0131n bu ilkelere uygun yay\u0131n yapmalar\u0131n\u0131 sa\u011flamak i\u00e7in \u00e7al\u0131\u015f\u0131r.<\/p>\n\n\n\n<p><strong>Kurul, gazetecilik faaliyetlerini etik ilkeler do\u011frultusunda denetlemekte ve bu alanda standartlar olu\u015fturmaktad\u0131r. Ayr\u0131ca, medya i\u00e7eriklerini dikkatle inceleyerek, do\u011fruluk, tarafs\u0131zl\u0131k, kamu yarar\u0131 gibi temel gazetecilik de\u011ferlerine uygunlu\u011fu g\u00f6zetir. Gerekti\u011finde medya organlar\u0131na uyar\u0131 ve tavsiyelerde bulunur; b\u00f6ylece medya eti\u011finin korunmas\u0131na katk\u0131 sunar.<\/strong><\/p>\n\n\n\n<p>Dijital \u00e7a\u011f\u0131n getirdi\u011fi yeni medya dinamiklerini de dikkate alan Medya Etik Kurulu, internet gazetecili\u011fi ve sosyal medya gibi mecralarda yay\u0131lan i\u00e7eriklerin etik ilkelerle uyumlu olup olmad\u0131\u011f\u0131n\u0131 de\u011ferlendirme sorumlulu\u011funu da \u00fcstlenir. Bu ba\u011flamda, yanl\u0131\u015f bilgi ve dezenformasyonla m\u00fccadele etmek, do\u011fru bilgiye eri\u015fimi kolayla\u015ft\u0131rmak \u00f6ncelikli hedefleri aras\u0131ndad\u0131r.<\/p>\n\n\n\n<p><strong>Medya Etik Kurulu, halk\u0131n do\u011fru, tarafs\u0131z ve g\u00fcvenilir bilgiye ula\u015fmas\u0131n\u0131 sa\u011flamak i\u00e7in t\u00fcm payda\u015flarla i\u015f birli\u011fi i\u00e7inde hareket eder. Gazetecilik mesle\u011finin onurunu ve itibar\u0131n\u0131 korumak, demokratik toplum d\u00fczeninde bilginin \u015feffaf dola\u015f\u0131m\u0131n\u0131 desteklemek i\u00e7in ilkeler do\u011frultusunda \u00e7al\u0131\u015fmalar\u0131n\u0131 s\u00fcrd\u00fcrmektedir.<\/strong><\/p>\n","protected":false},"excerpt":{"rendered":"<p>Medya Etik Kurulu, bas\u0131n \u00f6zg\u00fcrl\u00fc\u011f\u00fcn\u00fcn sorumluluk bilinciyle y\u00fcr\u00fct\u00fclmesini ve gazetecilik ilkelerine uygun haber yap\u0131lmas\u0131n\u0131 ama\u00e7layan bir sivil inisiyatiftir. Bas\u0131n-yay\u0131n alan\u0131nda faaliyet g\u00f6steren \u00e7e\u015fitli birlikler, dernekler ve sendikalar\u0131n ortak iradesiyle kurulan Kurul, gazetecilik meslek ilkelerini benimseyerek medya organlar\u0131n\u0131n bu ilkelere uygun yay\u0131n yapmalar\u0131n\u0131 sa\u011flamak i\u00e7in \u00e7al\u0131\u015f\u0131r. Kurul, gazetecilik faaliyetlerini etik ilkeler do\u011frultusunda denetlemekte ve bu alanda [&hellip;]<\/p>\n","protected":false},"author":2,"featured_media":0,"parent":0,"menu_order":0,"comment_status":"open","ping_status":"open","template":"single-product","meta":{"saved_in_kubio":true,"footnotes":""},"class_list":["post-706","page","type-page","status-publish","hentry"],"kubio_ai_page_context":{"short_desc":"","purpose":"general"},"yoast_head":"<!-- This site is optimized with the Yoast SEO plugin v25.3.1 - https:\/\/yoast.com\/wordpress\/plugins\/seo\/ -->\r\n<title>Hakk\u0131m\u0131zda - Medya Etik Kurulu<\/title>\r\n<meta name=\"robots\" content=\"index, follow, max-snippet:-1, max-image-preview:large, max-video-preview:-1\" \/>\r\n<link rel=\"canonical\" href=\"https:\/\/medyaetikkurulu.org\/index.php\/hakkimizda\/\" \/>\r\n<meta property=\"og:locale\" content=\"tr_TR\" \/>\r\n<meta property=\"og:type\" content=\"article\" \/>\r\n<meta property=\"og:title\" content=\"Hakk\u0131m\u0131zda - Medya Etik Kurulu\" \/>\r\n<meta property=\"og:description\" content=\"Medya Etik Kurulu, bas\u0131n \u00f6zg\u00fcrl\u00fc\u011f\u00fcn\u00fcn sorumluluk bilinciyle y\u00fcr\u00fct\u00fclmesini ve gazetecilik ilkelerine uygun haber yap\u0131lmas\u0131n\u0131 ama\u00e7layan bir sivil inisiyatiftir. Bas\u0131n-yay\u0131n alan\u0131nda faaliyet g\u00f6steren \u00e7e\u015fitli birlikler, dernekler ve sendikalar\u0131n ortak iradesiyle kurulan Kurul, gazetecilik meslek ilkelerini benimseyerek medya organlar\u0131n\u0131n bu ilkelere uygun yay\u0131n yapmalar\u0131n\u0131 sa\u011flamak i\u00e7in \u00e7al\u0131\u015f\u0131r. Kurul, gazetecilik faaliyetlerini etik ilkeler do\u011frultusunda denetlemekte ve bu alanda [&hellip;]\" \/>\r\n<meta property=\"og:url\" content=\"https:\/\/medyaetikkurulu.org\/index.php\/hakkimizda\/\" \/>\r\n<meta property=\"og:site_name\" content=\"Medya Etik Kurulu\" \/>\r\n<meta property=\"article:publisher\" content=\"https:\/\/www.facebook.com\/medyaetikkurulu\" \/>\r\n<meta property=\"article:modified_time\" content=\"2025-06-02T13:54:21+00:00\" \/>\r\n<meta property=\"og:image\" content=\"https:\/\/i0.wp.com\/medyaetikkurulu.org\/wp-content\/uploads\/2025\/05\/MEK-copy-1.png?fit=960%2C960&ssl=1\" \/>\r\n\t<meta property=\"og:image:width\" content=\"960\" \/>\r\n\t<meta property=\"og:image:height\" content=\"960\" \/>\r\n\t<meta property=\"og:image:type\" content=\"image\/png\" \/>\r\n<meta name=\"twitter:card\" content=\"summary_large_image\" \/>\r\n<meta name=\"twitter:site\" content=\"@medyaetikkurulu\" \/>\r\n<meta name=\"twitter:label1\" content=\"Tahmini okuma s\u00fcresi\" \/>\n\t<meta name=\"twitter:data1\" content=\"2 dakika\" \/>\r\n<script type=\"application\/ld+json\" class=\"yoast-schema-graph\">{\"@context\":\"https:\/\/schema.org\",\"@graph\":[{\"@type\":\"WebPage\",\"@id\":\"https:\/\/medyaetikkurulu.org\/index.php\/hakkimizda\/\",\"url\":\"https:\/\/medyaetikkurulu.org\/index.php\/hakkimizda\/\",\"name\":\"Hakk\u0131m\u0131zda - Medya Etik Kurulu\",\"isPartOf\":{\"@id\":\"https:\/\/medyaetikkurulu.org\/#website\"},\"datePublished\":\"2013-06-14T13:18:28+00:00\",\"dateModified\":\"2025-06-02T13:54:21+00:00\",\"breadcrumb\":{\"@id\":\"https:\/\/medyaetikkurulu.org\/index.php\/hakkimizda\/#breadcrumb\"},\"inLanguage\":\"tr\",\"potentialAction\":[{\"@type\":\"ReadAction\",\"target\":[\"https:\/\/medyaetikkurulu.org\/index.php\/hakkimizda\/\"]}]},{\"@type\":\"BreadcrumbList\",\"@id\":\"https:\/\/medyaetikkurulu.org\/index.php\/hakkimizda\/#breadcrumb\",\"itemListElement\":[{\"@type\":\"ListItem\",\"position\":1,\"name\":\"Anasayfa\",\"item\":\"https:\/\/medyaetikkurulu.org\/\"},{\"@type\":\"ListItem\",\"position\":2,\"name\":\"Hakk\u0131m\u0131zda\"}]},{\"@type\":\"WebSite\",\"@id\":\"https:\/\/medyaetikkurulu.org\/#website\",\"url\":\"https:\/\/medyaetikkurulu.org\/\",\"name\":\"Medya Etik Kurulu\",\"description\":\"Medya Etik Kurulu\",\"publisher\":{\"@id\":\"https:\/\/medyaetikkurulu.org\/#organization\"},\"alternateName\":\"MEK\",\"potentialAction\":[{\"@type\":\"SearchAction\",\"target\":{\"@type\":\"EntryPoint\",\"urlTemplate\":\"https:\/\/medyaetikkurulu.org\/?s={search_term_string}\"},\"query-input\":{\"@type\":\"PropertyValueSpecification\",\"valueRequired\":true,\"valueName\":\"search_term_string\"}}],\"inLanguage\":\"tr\"},{\"@type\":\"Organization\",\"@id\":\"https:\/\/medyaetikkurulu.org\/#organization\",\"name\":\"Medya Etik Kurulu\",\"alternateName\":\"MEK\",\"url\":\"https:\/\/medyaetikkurulu.org\/\",\"logo\":{\"@type\":\"ImageObject\",\"inLanguage\":\"tr\",\"@id\":\"https:\/\/medyaetikkurulu.org\/#\/schema\/logo\/image\/\",\"url\":\"https:\/\/i0.wp.com\/medyaetikkurulu.org\/wp-content\/uploads\/2025\/05\/MEK-copy-1.png?fit=960%2C960\",\"contentUrl\":\"https:\/\/i0.wp.com\/medyaetikkurulu.org\/wp-content\/uploads\/2025\/05\/MEK-copy-1.png?fit=960%2C960\",\"width\":960,\"height\":960,\"caption\":\"Medya Etik Kurulu\"},\"image\":{\"@id\":\"https:\/\/medyaetikkurulu.org\/#\/schema\/logo\/image\/\"},\"sameAs\":[\"https:\/\/www.facebook.com\/medyaetikkurulu\",\"https:\/\/x.com\/medyaetikkurulu\",\"https:\/\/www.instagram.com\/medyaetikkurulu\"]}]}<\/script>\r\n<!-- \/ Yoast SEO plugin. -->","yoast_head_json":{"title":"Hakk\u0131m\u0131zda - Medya Etik Kurulu","robots":{"index":"index","follow":"follow","max-snippet":"max-snippet:-1","max-image-preview":"max-image-preview:large","max-video-preview":"max-video-preview:-1"},"canonical":"https:\/\/medyaetikkurulu.org\/index.php\/hakkimizda\/","og_locale":"tr_TR","og_type":"article","og_title":"Hakk\u0131m\u0131zda - Medya Etik Kurulu","og_description":"Medya Etik Kurulu, bas\u0131n \u00f6zg\u00fcrl\u00fc\u011f\u00fcn\u00fcn sorumluluk bilinciyle y\u00fcr\u00fct\u00fclmesini ve gazetecilik ilkelerine uygun haber yap\u0131lmas\u0131n\u0131 ama\u00e7layan bir sivil inisiyatiftir. Bas\u0131n-yay\u0131n alan\u0131nda faaliyet g\u00f6steren \u00e7e\u015fitli birlikler, dernekler ve sendikalar\u0131n ortak iradesiyle kurulan Kurul, gazetecilik meslek ilkelerini benimseyerek medya organlar\u0131n\u0131n bu ilkelere uygun yay\u0131n yapmalar\u0131n\u0131 sa\u011flamak i\u00e7in \u00e7al\u0131\u015f\u0131r. Kurul, gazetecilik faaliyetlerini etik ilkeler do\u011frultusunda denetlemekte ve bu alanda [&hellip;]","og_url":"https:\/\/medyaetikkurulu.org\/index.php\/hakkimizda\/","og_site_name":"Medya Etik Kurulu","article_publisher":"https:\/\/www.facebook.com\/medyaetikkurulu","article_modified_time":"2025-06-02T13:54:21+00:00","og_image":[{"width":960,"height":960,"url":"https:\/\/i0.wp.com\/medyaetikkurulu.org\/wp-content\/uploads\/2025\/05\/MEK-copy-1.png?fit=960%2C960&ssl=1","type":"image\/png"}],"twitter_card":"summary_large_image","twitter_site":"@medyaetikkurulu","twitter_misc":{"Tahmini okuma s\u00fcresi":"2 dakika"},"schema":{"@context":"https:\/\/schema.org","@graph":[{"@type":"WebPage","@id":"https:\/\/medyaetikkurulu.org\/index.php\/hakkimizda\/","url":"https:\/\/medyaetikkurulu.org\/index.php\/hakkimizda\/","name":"Hakk\u0131m\u0131zda - Medya Etik Kurulu","isPartOf":{"@id":"https:\/\/medyaetikkurulu.org\/#website"},"datePublished":"2013-06-14T13:18:28+00:00","dateModified":"2025-06-02T13:54:21+00:00","breadcrumb":{"@id":"https:\/\/medyaetikkurulu.org\/index.php\/hakkimizda\/#breadcrumb"},"inLanguage":"tr","potentialAction":[{"@type":"ReadAction","target":["https:\/\/medyaetikkurulu.org\/index.php\/hakkimizda\/"]}]},{"@type":"BreadcrumbList","@id":"https:\/\/medyaetikkurulu.org\/index.php\/hakkimizda\/#breadcrumb","itemListElement":[{"@type":"ListItem","position":1,"name":"Anasayfa","item":"https:\/\/medyaetikkurulu.org\/"},{"@type":"ListItem","position":2,"name":"Hakk\u0131m\u0131zda"}]},{"@type":"WebSite","@id":"https:\/\/medyaetikkurulu.org\/#website","url":"https:\/\/medyaetikkurulu.org\/","name":"Medya Etik Kurulu","description":"Medya Etik Kurulu","publisher":{"@id":"https:\/\/medyaetikkurulu.org\/#organization"},"alternateName":"MEK","potentialAction":[{"@type":"SearchAction","target":{"@type":"EntryPoint","urlTemplate":"https:\/\/medyaetikkurulu.org\/?s={search_term_string}"},"query-input":{"@type":"PropertyValueSpecification","valueRequired":true,"valueName":"search_term_string"}}],"inLanguage":"tr"},{"@type":"Organization","@id":"https:\/\/medyaetikkurulu.org\/#organization","name":"Medya Etik Kurulu","alternateName":"MEK","url":"https:\/\/medyaetikkurulu.org\/","logo":{"@type":"ImageObject","inLanguage":"tr","@id":"https:\/\/medyaetikkurulu.org\/#\/schema\/logo\/image\/","url":"https:\/\/i0.wp.com\/medyaetikkurulu.org\/wp-content\/uploads\/2025\/05\/MEK-copy-1.png?fit=960%2C960","contentUrl":"https:\/\/i0.wp.com\/medyaetikkurulu.org\/wp-content\/uploads\/2025\/05\/MEK-copy-1.png?fit=960%2C960","width":960,"height":960,"caption":"Medya Etik Kurulu"},"image":{"@id":"https:\/\/medyaetikkurulu.org\/#\/schema\/logo\/image\/"},"sameAs":["https:\/\/www.facebook.com\/medyaetikkurulu","https:\/\/x.com\/medyaetikkurulu","https:\/\/www.instagram.com\/medyaetikkurulu"]}]}},"jetpack_sharing_enabled":true,"_links":{"self":[{"href":"https:\/\/medyaetikkurulu.org\/index.php\/wp-json\/wp\/v2\/pages\/706","targetHints":{"allow":["GET"]}}],"collection":[{"href":"https:\/\/medyaetikkurulu.org\/index.php\/wp-json\/wp\/v2\/pages"}],"about":[{"href":"https:\/\/medyaetikkurulu.org\/index.php\/wp-json\/wp\/v2\/types\/page"}],"author":[{"embeddable":true,"href":"https:\/\/medyaetikkurulu.org\/index.php\/wp-json\/wp\/v2\/users\/2"}],"replies":[{"embeddable":true,"href":"https:\/\/medyaetikkurulu.org\/index.php\/wp-json\/wp\/v2\/comments?post=706"}],"version-history":[{"count":4,"href":"https:\/\/medyaetikkurulu.org\/index.php\/wp-json\/wp\/v2\/pages\/706\/revisions"}],"predecessor-version":[{"id":1143,"href":"https:\/\/medyaetikkurulu.org\/index.php\/wp-json\/wp\/v2\/pages\/706\/revisions\/1143"}],"wp:attachment":[{"href":"https:\/\/medyaetikkurulu.org\/index.php\/wp-json\/wp\/v2\/media?parent=706"}],"curies":[{"name":"wp","href":"https:\/\/api.w.org\/{rel}","templated":true}]}}