{"id":76,"date":"2013-09-23T19:18:24","date_gmt":"2013-09-23T19:18:24","guid":{"rendered":"http:\/\/medyaetikkurulu.org\/wordpress\/?page_id=76"},"modified":"2025-06-02T15:50:48","modified_gmt":"2025-06-02T13:50:48","slug":"basin-aciklamalari","status":"publish","type":"page","link":"https:\/\/medyaetikkurulu.org\/index.php\/basin-aciklamalari\/","title":{"rendered":"Bas\u0131n A\u00e7\u0131klamalar\u0131 Ar\u015fivi 2013-2017"},"content":{"rendered":"<ul>\n<li><a style=\"font-style: normal;\" onclick=\"MyWindow=window.open('\/wordpress\/basinaciklamalari\/basin_acik_1_nisan_2013.html','MyWindow','toolbar=no,location=no,directories=no,status=no,menubar=no,scrollbars=no,resizable=no,width=500,height=300,left=200 top=200'); return false;\" href=\"#\">Medya Etik Kurulu Deklarasyonu imzaland\u0131 (1 Nisan 2013)<\/a><\/li>\n<li><a style=\"font-style: normal;\" onclick=\"MyWindow=window.open('\/wordpress\/basinaciklamalari\/basin_acik_13_haziran_2013.html','MyWindow','toolbar=no,location=no,directories=no,status=no,menubar=no,scrollbars=no,resizable=no,width=500,height=300,left=200 top=200'); return false;\" href=\"#\">Medya Etik Kurulu olu\u015fturuldu (13 Haziran 2013)<\/a><\/li>\n<li><a style=\"font-style: normal;\" onclick=\"MyWindow=window.open('\/wordpress\/basinaciklamalari\/basin_acik_10_eylul_2013.html','MyWindow','toolbar=no,location=no,directories=no,status=no,menubar=no,scrollbars=no,resizable=no,width=500,height=300,left=200 top=200'); return false;\" href=\"#\">Medya Etik Kurulu \u00e7al\u0131\u015fmaya ba\u015flad\u0131 (10 Eyl\u00fcl 2013)<\/a><\/li>\n<li><a style=\"font-style: normal;\" onclick=\"MyWindow=window.open('\/wordpress\/basinaciklamalari\/basin_acik_25_eylul_2013.html','MyWindow','toolbar=no,location=no,directories=no,status=no,menubar=no,scrollbars=no,resizable=no,width=500,height=300,left=200 top=200'); return false;\" href=\"#\">Medya Etik Kurulu \u015eik\u00e2yetleri incelemeye ba\u015flad\u0131 (25 Eyl\u00fcl 2013)<\/a><\/li>\n<li><a style=\"font-style: normal;\" onclick=\"MyWindow=window.open('\/wordpress\/basinaciklamalari\/basin_acik_26_ekim_2013.html','MyWindow','toolbar=no,location=no,directories=no,status=no,menubar=no,scrollbars=no,resizable=no,width=500,height=300,left=200 top=200'); return false;\" href=\"#\">Medya Etik Kurulu\u2019ndan medya kurulu\u015flar\u0131na ve gazetecilere uyar\u0131 (26 Ekim 2013)<\/a><\/li>\n<li><a style=\"font-style: normal;\" onclick=\"MyWindow=window.open('\/wordpress\/basinaciklamalari\/basin_acik_22_kasim_2013.html','MyWindow','toolbar=no,location=no,directories=no,status=no,menubar=no,scrollbars=no,resizable=no,width=500,height=300,left=200 top=200'); return false;\" href=\"#\">Medya Etik Kurulu g\u00fcndemine ald\u0131\u011f\u0131 \u015fik\u00e2yetleri de\u011ferlendirdi (22 Kas\u0131m 2013)<\/a><\/li>\n<li><a style=\"font-style: normal;\" onclick=\"MyWindow=window.open('\/wordpress\/basinaciklamalari\/basin_acik_1_aralik_2013.html','MyWindow','toolbar=no,location=no,directories=no,status=no,menubar=no,scrollbars=no,resizable=no,width=500,height=300,left=200 top=200'); return false;\" href=\"#\">Medya Etik Kurulu, medya kurulu\u015flar\u0131n\u0131 uyarmaya devam ediyor\u00a0(1 Aral\u0131k 2013)<\/a><\/li>\n<li><a style=\"font-style: normal;\" onclick=\"MyWindow=window.open('\/wordpress\/basinaciklamalari\/basin_acik_17_aralik_2013.html','MyWindow','toolbar=no,location=no,directories=no,status=no,menubar=no,scrollbars=no,resizable=no,width=500,height=300,left=200 top=200'); return false;\" href=\"#\">Medya Etik Kurulu Bas\u0131n Toplant\u0131s\u0131 (17 Aral\u0131k 2013)<\/a><\/li>\n<li><a style=\"font-style: normal;\" onclick=\"MyWindow=window.open('\/wordpress\/basinaciklamalari\/basin_acik_26_aralik_2013.html','MyWindow','toolbar=no,location=no,directories=no,status=no,menubar=no,scrollbars=no,resizable=no,width=500,height=300,left=200 top=200'); return false;\" href=\"#\">Medya Etik Kurulu, yeni kararlar\u0131n\u0131 a\u00e7\u0131klad\u0131 (26 Aral\u0131k 2013)<\/a><\/li>\n<li><a style=\"font-style: normal;\" onclick=\"MyWindow=window.open('\/wordpress\/basinaciklamalari\/basin_acik_7_ocak_2014.html','MyWindow','toolbar=no,location=no,directories=no,status=no,menubar=no,scrollbars=no,resizable=no,width=500,height=300,left=200 top=200'); return false;\" href=\"#\">Medya Etik Kurulu, haber sitelerini toplant\u0131ya \u00e7a\u011f\u0131rd\u0131 (7 Ocak 2014)<\/a><\/li>\n<li><a style=\"font-style: normal;\" onclick=\"MyWindow=window.open('\/wordpress\/basinaciklamalari\/basin_acik_13_ocak_2014.html','MyWindow','toolbar=no,location=no,directories=no,status=no,menubar=no,scrollbars=no,resizable=no,width=500,height=300,left=200 top=200'); return false;\" href=\"#\">\u201c\u0130nternet Gazetecili\u011fi Deklarasyonu\u201d imzaland\u0131 (13 Ocak 2014)<\/a><\/li>\n<li><a style=\"font-style: normal;\" onclick=\"MyWindow=window.open('\/wordpress\/basinaciklamalari\/basin_acik_24_ocak_2014.html','MyWindow','toolbar=no,location=no,directories=no,status=no,menubar=no,scrollbars=no,resizable=no,width=500,height=300,left=200 top=200'); return false;\" href=\"#\">Medya Etik Kurulu, yeni kararlar\u0131n\u0131 a\u00e7\u0131klad\u0131 (24 Ocak 2014)<\/a><\/li>\n<li><a style=\"font-style: normal;\" onclick=\"MyWindow=window.open('\/wordpress\/basinaciklamalari\/basin_acik_11_subat_2014.html','MyWindow','toolbar=no,location=no,directories=no,status=no,menubar=no,scrollbars=no,resizable=no,width=500,height=300,left=200 top=200'); return false;\" href=\"#\">Medya Etik Kurulu, haber sitelerini \u201c\u0130nternet Gazetecili\u011fi Deklarasyonu\u201dna uygun yay\u0131n yapmaya davet etti (11 \u015eubat 2014)<\/a><\/li>\n<li><a style=\"font-style: normal;\" onclick=\"MyWindow=window.open('\/wordpress\/basinaciklamalari\/basin_acik_19_subat_2014.html','MyWindow','toolbar=no,location=no,directories=no,status=no,menubar=no,scrollbars=no,resizable=no,width=500,height=300,left=200 top=200'); return false;\" href=\"#\">Medya Etik Kurulu\u2019ndan iki gazeteye uyar\u0131 (19 \u015eubat 2014)<\/a><\/li>\n<li><a style=\"font-style: normal;\" onclick=\"MyWindow=window.open('\/wordpress\/basinaciklamalari\/basin_acik_5_mart_2014.html','MyWindow','toolbar=no,location=no,directories=no,status=no,menubar=no,scrollbars=no,resizable=no,width=500,height=300,left=200 top=200'); return false;\" href=\"#\">Medya Etik Kurulu, \u00d6zel Hayat\u0131 Koruma Yasas\u0131\u2019n\u0131 de\u011ferlendiriyor (5 Mart 2014)<\/a><\/li>\n<li><a style=\"font-style: normal;\" onclick=\"MyWindow=window.open('\/wordpress\/basinaciklamalari\/basin_acik_20_mart_2014.html','MyWindow','toolbar=no,location=no,directories=no,status=no,menubar=no,scrollbars=no,resizable=no,width=500,height=300,left=200 top=200'); return false;\" href=\"#\">S\u0131\u011f\u0131nmac\u0131lara su\u00e7lu muamelesi yap\u0131lmamal\u0131 (20 Mart 2014)<\/a><\/li>\n<li><a style=\"font-style: normal;\" onclick=\"MyWindow=window.open('\/wordpress\/basinaciklamalari\/basin_acik_9_nisan_2014.html','MyWindow','toolbar=no,location=no,directories=no,status=no,menubar=no,scrollbars=no,resizable=no,width=500,height=300,left=200 top=200'); return false;\" href=\"#\">\u201c\u00d6zel Hayat\u0131n ve Hayat\u0131n Gizli Alan\u0131n\u0131n Korunmas\u0131 Yasas\u0131&#8217;nda de\u011fi\u015fiklik yapan yasa \u00f6nerisi olumlu\u201d (9 Nisan 2014)<\/a><\/li>\n<li><a style=\"font-style: normal;\" onclick=\"MyWindow=window.open('\/wordpress\/basinaciklamalari\/basin_acik_14_nisan_2014.html','MyWindow','toolbar=no,location=no,directories=no,status=no,menubar=no,scrollbars=no,resizable=no,width=500,height=300,left=200 top=200'); return false;\" href=\"#\">Medya Etik Kurulu&#8217;ndan Haber Sitelerine \u00c7a\u011fr\u0131: \u201cDeklarasyona Uygun Davran\u0131n\u201d (14 Nisan 2014)<\/a><\/li>\n<li><a style=\"font-style: normal;\" onclick=\"MyWindow=window.open('\/wordpress\/basinaciklamalari\/basin_acik_3_haziran_2014.html','MyWindow','toolbar=no,location=no,directories=no,status=no,menubar=no,scrollbars=no,resizable=no,width=500,height=300,left=200 top=200'); return false;\" href=\"#\">Medya Etik Kurulu\u2019nun yeni \u00fcyesi Perihan Aziz\u00a0(3 Haziran 2014)<\/a><\/li>\n<li><a style=\"font-style: normal;\" onclick=\"MyWindow=window.open('\/wordpress\/basinaciklamalari\/basin_acik_27_haziran_2014.html','MyWindow','toolbar=no,location=no,directories=no,status=no,menubar=no,scrollbars=no,resizable=no,width=500,height=300,left=200 top=200'); return false;\" href=\"#\">Gazeteciler Aceleci ve Pe\u015fin H\u00fck\u00fcml\u00fc Davranmamal\u0131\u00a0(27 Haziran 2014)<\/a><\/li>\n<li><a style=\"font-style: normal;\" onclick=\"MyWindow=window.open('\/wordpress\/basinaciklamalari\/basin_acik_7_temmuz_2014.html','MyWindow','toolbar=no,location=no,directories=no,status=no,menubar=no,scrollbars=no,resizable=no,width=500,height=300,left=200 top=200'); return false;\" href=\"#\">Medya Etik Kurulu\u2019ndan Yeni Kararlar\u00a0(7 Temmuz 2014)<\/a><\/li>\n<li><a style=\"font-style: normal;\" onclick=\"MyWindow=window.open('\/wordpress\/basinaciklamalari\/basin_acik_20_agustos_2014.html','MyWindow','toolbar=no,location=no,directories=no,status=no,menubar=no,scrollbars=no,resizable=no,width=500,height=300,left=200 top=200'); return false;\" href=\"#\">Medya Etik Kurulu\u2019ndan Haber Sitelerine Uyar\u0131\u00a0(20 Agustos 2014)<\/a><\/li>\n<li><a style=\"font-style: normal;\" onclick=\"MyWindow=window.open('\/wordpress\/basinaciklamalari\/basin_acik_5_eyl\u00fcl_2014.html','MyWindow','toolbar=no,location=no,directories=no,status=no,menubar=no,scrollbars=no,resizable=no,width=500,height=300,left=200 top=200'); return false;\" href=\"#\">Medya Etik Kurulu Yeni Kararlar\u0131n\u0131 A\u00e7\u0131klad\u0131\u00a0(5 Eyl\u00fcl 2014)<\/a><\/li>\n<li><a style=\"font-style: normal;\" onclick=\"MyWindow=window.open('\/wordpress\/basinaciklamalari\/aciklama_1_ekim_2014.html','MyWindow','toolbar=no,location=no,directories=no,status=no,menubar=no,scrollbars=no,resizable=no,width=500,height=300,left=200 top=200'); return false;\" href=\"#\">A\u00e7\u0131klama: Haber Sitelerine Te\u015fekk\u00fcr ve Uyar\u0131\u00a0(1 Ekim 2014)<\/a><\/li>\n<li><a style=\"font-style: normal;\" onclick=\"MyWindow=window.open('\/wordpress\/basinaciklamalari\/basin_acik_1_ekim_2014.html','MyWindow','toolbar=no,location=no,directories=no,status=no,menubar=no,scrollbars=no,resizable=no,width=500,height=300,left=200 top=200'); return false;\" href=\"#\">Medya Etik Kurulu Yeni Kararlar\u0131n\u0131 A\u00e7\u0131klad\u0131\u00a0(1 Ekim 2014)<\/a><\/li>\n<li><a style=\"font-style: normal;\" onclick=\"MyWindow=window.open('\/wordpress\/basinaciklamalari\/basin_acik_1_ekim_2014_TAK.html','MyWindow','toolbar=no,location=no,directories=no,status=no,menubar=no,scrollbars=no,resizable=no,width=500,height=300,left=200 top=200'); return false;\" href=\"#\">TAK, Medya Etik Kurulu A\u00e7\u0131klamas\u0131na Sans\u00fcr Uygulam\u0131\u015ft\u0131r (1 Ekim 2014)<\/a><\/li>\n<li><a style=\"font-style: normal;\" onclick=\"MyWindow=window.open('\/wordpress\/basinaciklamalari\/basin_acik_26_Ekim_2014.html','MyWindow','toolbar=no,location=no,directories=no,status=no,menubar=no,scrollbars=no,resizable=no,width=500,height=300,left=200 top=200'); return false;\" href=\"#\">Medya Etik Kurulu&#8217;ndan Cumhuriyet Meclisi&#8217;ne \u00c7a\u011fr\u0131 (26 Ekim 2014)<\/a><\/li>\n<li><a style=\"font-style: normal;\" onclick=\"MyWindow=window.open('\/wordpress\/basinaciklamalari\/basin_acik_26_kasim_2014.html','MyWindow','toolbar=no,location=no,directories=no,status=no,menubar=no,scrollbars=no,resizable=no,width=500,height=300,left=200 top=200'); return false;\" href=\"#\">Medya Etik Kurulu Yeni Kararlar\u0131n\u0131 A\u00e7\u0131klad\u0131 (26 Kas\u0131m 2014)<\/a><\/li>\n<li><a style=\"font-style: normal;\" onclick=\"MyWindow=window.open('\/wordpress\/basinaciklamalari\/basin_acik_10_aralik_2014.html','MyWindow','toolbar=no,location=no,directories=no,status=no,menubar=no,scrollbars=no,resizable=no,width=500,height=300,left=200 top=200'); return false;\" href=\"#\">Etik Yasas\u0131na De\u011fil, Bas\u0131n \u00d6zg\u00fcrl\u00fc\u011f\u00fc Yasas\u0131na \u0130htiya\u00e7 Var (10 Aral\u0131k 2014)<\/a><\/li>\n<li><a style=\"font-style: normal;\" onclick=\"MyWindow=window.open('\/wordpress\/basinaciklamalari\/basin_acik_23_ocak_2015.html','MyWindow','toolbar=no,location=no,directories=no,status=no,menubar=no,scrollbars=no,resizable=no,width=500,height=300,left=200 top=200'); return false;\" href=\"#\">Medya Etik Kurulu&#8217;ndan \u00c7a\u011fr\u0131 ve Uyar\u0131 (23 Ocak 2015)<\/a><\/li>\n<li><a style=\"font-style: normal;\" onclick=\"MyWindow=window.open('\/wordpress\/basinaciklamalari\/basin_acik_05_mart_2015.html','MyWindow','toolbar=no,location=no,directories=no,status=no,menubar=no,scrollbars=no,resizable=no,width=500,height=300,left=200 top=200'); return false;\" href=\"#\">Medya Etik Kurulu BRTK&#8217;y\u0131 Uyard\u0131 &#8220;Gazetecilerin Temel G\u00f6revi, Ger\u00e7ekleri Nesnel Bir Bi\u00e7imde, \u00c7arp\u0131tmadan ve Sans\u00fcrlemeden Aktarmakt\u0131r&#8221; (05 Mart 2015)<\/a><\/li>\n<li><a style=\"font-style: normal;\" onclick=\"MyWindow=window.open('\/wordpress\/basinaciklamalari\/basin_acik_15_may\u0131s_2015.html','MyWindow','toolbar=no,location=no,directories=no,status=no,menubar=no,scrollbars=no,resizable=no,width=500,height=300,left=200 top=200'); return false;\" href=\"#\">Medya Etik Kurulu&#8217;nun Yeni Ba\u015fkan\u0131 DR. BEK\u0130R AZGIN (15 May\u0131s 2015)<\/a><\/li>\n<li><a style=\"font-style: normal;\" onclick=\"MyWindow=window.open('\/wordpress\/basinaciklamalari\/basin_acik_4_kas\u0131m_2015.html','MyWindow','toolbar=no,location=no,directories=no,status=no,menubar=no,scrollbars=no,resizable=no,width=500,height=300,left=200 top=200'); return false;\" href=\"#\">M\u00fcltecilerin Medyada Yans\u0131t\u0131lmas\u0131 Konusunda Ek Etik \u0130lkeler (4 Kas\u0131m 2015)<\/a><\/li>\n<li><a style=\"font-style: normal;\" onclick=\"MyWindow=window.open('\/wordpress\/basinaciklamalari\/basin_acik_17_kas\u0131m_2017.html','MyWindow','toolbar=no,location=no,directories=no,status=no,menubar=no,scrollbars=no,resizable=no,width=500,height=300,left=200 top=200'); return false;\" href=\"#\">Bas\u0131n Bildirisi (17 Kas\u0131m 2017)<\/a><\/li>\n<\/ul>\n","protected":false},"excerpt":{"rendered":"<p>Medya Etik Kurulu Deklarasyonu imzaland\u0131 (1 Nisan 2013) Medya Etik Kurulu olu\u015fturuldu (13 Haziran 2013) Medya Etik Kurulu \u00e7al\u0131\u015fmaya ba\u015flad\u0131 (10 Eyl\u00fcl 2013) Medya Etik Kurulu \u015eik\u00e2yetleri incelemeye ba\u015flad\u0131 (25 Eyl\u00fcl 2013) Medya Etik Kurulu\u2019ndan medya kurulu\u015flar\u0131na ve gazetecilere uyar\u0131 (26 Ekim 2013) Medya Etik Kurulu g\u00fcndemine ald\u0131\u011f\u0131 \u015fik\u00e2yetleri de\u011ferlendirdi (22 Kas\u0131m 2013) Medya Etik [&hellip;]<\/p>\n","protected":false},"author":2,"featured_media":0,"parent":0,"menu_order":0,"comment_status":"open","ping_status":"open","template":"single-product","meta":{"saved_in_kubio":false,"footnotes":""},"class_list":["post-76","page","type-page","status-publish","hentry"],"kubio_ai_page_context":{"short_desc":"","purpose":"general"},"yoast_head":"<!-- This site is optimized with the Yoast SEO plugin v25.3.1 - https:\/\/yoast.com\/wordpress\/plugins\/seo\/ -->\r\n<title>Bas\u0131n A\u00e7\u0131klamalar\u0131 Ar\u015fivi 2013-2017 - Medya Etik Kurulu<\/title>\r\n<meta name=\"robots\" content=\"index, follow, max-snippet:-1, max-image-preview:large, max-video-preview:-1\" \/>\r\n<link rel=\"canonical\" href=\"https:\/\/medyaetikkurulu.org\/index.php\/basin-aciklamalari\/\" \/>\r\n<meta property=\"og:locale\" content=\"tr_TR\" \/>\r\n<meta property=\"og:type\" content=\"article\" \/>\r\n<meta property=\"og:title\" content=\"Bas\u0131n A\u00e7\u0131klamalar\u0131 Ar\u015fivi 2013-2017 - Medya Etik Kurulu\" \/>\r\n<meta property=\"og:description\" content=\"Medya Etik Kurulu Deklarasyonu imzaland\u0131 (1 Nisan 2013) Medya Etik Kurulu olu\u015fturuldu (13 Haziran 2013) Medya Etik Kurulu \u00e7al\u0131\u015fmaya ba\u015flad\u0131 (10 Eyl\u00fcl 2013) Medya Etik Kurulu \u015eik\u00e2yetleri incelemeye ba\u015flad\u0131 (25 Eyl\u00fcl 2013) Medya Etik Kurulu\u2019ndan medya kurulu\u015flar\u0131na ve gazetecilere uyar\u0131 (26 Ekim 2013) Medya Etik Kurulu g\u00fcndemine ald\u0131\u011f\u0131 \u015fik\u00e2yetleri de\u011ferlendirdi (22 Kas\u0131m 2013) Medya Etik [&hellip;]\" \/>\r\n<meta property=\"og:url\" content=\"https:\/\/medyaetikkurulu.org\/index.php\/basin-aciklamalari\/\" \/>\r\n<meta property=\"og:site_name\" content=\"Medya Etik Kurulu\" \/>\r\n<meta property=\"article:publisher\" content=\"https:\/\/www.facebook.com\/medyaetikkurulu\" \/>\r\n<meta property=\"article:modified_time\" content=\"2025-06-02T13:50:48+00:00\" \/>\r\n<meta property=\"og:image\" content=\"https:\/\/i0.wp.com\/medyaetikkurulu.org\/wp-content\/uploads\/2025\/05\/MEK-copy-1.png?fit=960%2C960&ssl=1\" \/>\r\n\t<meta property=\"og:image:width\" content=\"960\" \/>\r\n\t<meta property=\"og:image:height\" content=\"960\" \/>\r\n\t<meta property=\"og:image:type\" content=\"image\/png\" \/>\r\n<meta name=\"twitter:card\" content=\"summary_large_image\" \/>\r\n<meta name=\"twitter:site\" content=\"@medyaetikkurulu\" \/>\r\n<script type=\"application\/ld+json\" class=\"yoast-schema-graph\">{\"@context\":\"https:\/\/schema.org\",\"@graph\":[{\"@type\":\"WebPage\",\"@id\":\"https:\/\/medyaetikkurulu.org\/index.php\/basin-aciklamalari\/\",\"url\":\"https:\/\/medyaetikkurulu.org\/index.php\/basin-aciklamalari\/\",\"name\":\"Bas\u0131n A\u00e7\u0131klamalar\u0131 Ar\u015fivi 2013-2017 - Medya Etik Kurulu\",\"isPartOf\":{\"@id\":\"https:\/\/medyaetikkurulu.org\/#website\"},\"datePublished\":\"2013-09-23T19:18:24+00:00\",\"dateModified\":\"2025-06-02T13:50:48+00:00\",\"breadcrumb\":{\"@id\":\"https:\/\/medyaetikkurulu.org\/index.php\/basin-aciklamalari\/#breadcrumb\"},\"inLanguage\":\"tr\",\"potentialAction\":[{\"@type\":\"ReadAction\",\"target\":[\"https:\/\/medyaetikkurulu.org\/index.php\/basin-aciklamalari\/\"]}]},{\"@type\":\"BreadcrumbList\",\"@id\":\"https:\/\/medyaetikkurulu.org\/index.php\/basin-aciklamalari\/#breadcrumb\",\"itemListElement\":[{\"@type\":\"ListItem\",\"position\":1,\"name\":\"Anasayfa\",\"item\":\"https:\/\/medyaetikkurulu.org\/\"},{\"@type\":\"ListItem\",\"position\":2,\"name\":\"Bas\u0131n A\u00e7\u0131klamalar\u0131 Ar\u015fivi 2013-2017\"}]},{\"@type\":\"WebSite\",\"@id\":\"https:\/\/medyaetikkurulu.org\/#website\",\"url\":\"https:\/\/medyaetikkurulu.org\/\",\"name\":\"Medya Etik Kurulu\",\"description\":\"Medya Etik Kurulu\",\"publisher\":{\"@id\":\"https:\/\/medyaetikkurulu.org\/#organization\"},\"alternateName\":\"MEK\",\"potentialAction\":[{\"@type\":\"SearchAction\",\"target\":{\"@type\":\"EntryPoint\",\"urlTemplate\":\"https:\/\/medyaetikkurulu.org\/?s={search_term_string}\"},\"query-input\":{\"@type\":\"PropertyValueSpecification\",\"valueRequired\":true,\"valueName\":\"search_term_string\"}}],\"inLanguage\":\"tr\"},{\"@type\":\"Organization\",\"@id\":\"https:\/\/medyaetikkurulu.org\/#organization\",\"name\":\"Medya Etik Kurulu\",\"alternateName\":\"MEK\",\"url\":\"https:\/\/medyaetikkurulu.org\/\",\"logo\":{\"@type\":\"ImageObject\",\"inLanguage\":\"tr\",\"@id\":\"https:\/\/medyaetikkurulu.org\/#\/schema\/logo\/image\/\",\"url\":\"https:\/\/i0.wp.com\/medyaetikkurulu.org\/wp-content\/uploads\/2025\/05\/MEK-copy-1.png?fit=960%2C960\",\"contentUrl\":\"https:\/\/i0.wp.com\/medyaetikkurulu.org\/wp-content\/uploads\/2025\/05\/MEK-copy-1.png?fit=960%2C960\",\"width\":960,\"height\":960,\"caption\":\"Medya Etik Kurulu\"},\"image\":{\"@id\":\"https:\/\/medyaetikkurulu.org\/#\/schema\/logo\/image\/\"},\"sameAs\":[\"https:\/\/www.facebook.com\/medyaetikkurulu\",\"https:\/\/x.com\/medyaetikkurulu\",\"https:\/\/www.instagram.com\/medyaetikkurulu\"]}]}<\/script>\r\n<!-- \/ Yoast SEO plugin. -->","yoast_head_json":{"title":"Bas\u0131n A\u00e7\u0131klamalar\u0131 Ar\u015fivi 2013-2017 - Medya Etik Kurulu","robots":{"index":"index","follow":"follow","max-snippet":"max-snippet:-1","max-image-preview":"max-image-preview:large","max-video-preview":"max-video-preview:-1"},"canonical":"https:\/\/medyaetikkurulu.org\/index.php\/basin-aciklamalari\/","og_locale":"tr_TR","og_type":"article","og_title":"Bas\u0131n A\u00e7\u0131klamalar\u0131 Ar\u015fivi 2013-2017 - Medya Etik Kurulu","og_description":"Medya Etik Kurulu Deklarasyonu imzaland\u0131 (1 Nisan 2013) Medya Etik Kurulu olu\u015fturuldu (13 Haziran 2013) Medya Etik Kurulu \u00e7al\u0131\u015fmaya ba\u015flad\u0131 (10 Eyl\u00fcl 2013) Medya Etik Kurulu \u015eik\u00e2yetleri incelemeye ba\u015flad\u0131 (25 Eyl\u00fcl 2013) Medya Etik Kurulu\u2019ndan medya kurulu\u015flar\u0131na ve gazetecilere uyar\u0131 (26 Ekim 2013) Medya Etik Kurulu g\u00fcndemine ald\u0131\u011f\u0131 \u015fik\u00e2yetleri de\u011ferlendirdi (22 Kas\u0131m 2013) Medya Etik [&hellip;]","og_url":"https:\/\/medyaetikkurulu.org\/index.php\/basin-aciklamalari\/","og_site_name":"Medya Etik Kurulu","article_publisher":"https:\/\/www.facebook.com\/medyaetikkurulu","article_modified_time":"2025-06-02T13:50:48+00:00","og_image":[{"width":960,"height":960,"url":"https:\/\/i0.wp.com\/medyaetikkurulu.org\/wp-content\/uploads\/2025\/05\/MEK-copy-1.png?fit=960%2C960&ssl=1","type":"image\/png"}],"twitter_card":"summary_large_image","twitter_site":"@medyaetikkurulu","schema":{"@context":"https:\/\/schema.org","@graph":[{"@type":"WebPage","@id":"https:\/\/medyaetikkurulu.org\/index.php\/basin-aciklamalari\/","url":"https:\/\/medyaetikkurulu.org\/index.php\/basin-aciklamalari\/","name":"Bas\u0131n A\u00e7\u0131klamalar\u0131 Ar\u015fivi 2013-2017 - Medya Etik Kurulu","isPartOf":{"@id":"https:\/\/medyaetikkurulu.org\/#website"},"datePublished":"2013-09-23T19:18:24+00:00","dateModified":"2025-06-02T13:50:48+00:00","breadcrumb":{"@id":"https:\/\/medyaetikkurulu.org\/index.php\/basin-aciklamalari\/#breadcrumb"},"inLanguage":"tr","potentialAction":[{"@type":"ReadAction","target":["https:\/\/medyaetikkurulu.org\/index.php\/basin-aciklamalari\/"]}]},{"@type":"BreadcrumbList","@id":"https:\/\/medyaetikkurulu.org\/index.php\/basin-aciklamalari\/#breadcrumb","itemListElement":[{"@type":"ListItem","position":1,"name":"Anasayfa","item":"https:\/\/medyaetikkurulu.org\/"},{"@type":"ListItem","position":2,"name":"Bas\u0131n A\u00e7\u0131klamalar\u0131 Ar\u015fivi 2013-2017"}]},{"@type":"WebSite","@id":"https:\/\/medyaetikkurulu.org\/#website","url":"https:\/\/medyaetikkurulu.org\/","name":"Medya Etik Kurulu","description":"Medya Etik Kurulu","publisher":{"@id":"https:\/\/medyaetikkurulu.org\/#organization"},"alternateName":"MEK","potentialAction":[{"@type":"SearchAction","target":{"@type":"EntryPoint","urlTemplate":"https:\/\/medyaetikkurulu.org\/?s={search_term_string}"},"query-input":{"@type":"PropertyValueSpecification","valueRequired":true,"valueName":"search_term_string"}}],"inLanguage":"tr"},{"@type":"Organization","@id":"https:\/\/medyaetikkurulu.org\/#organization","name":"Medya Etik Kurulu","alternateName":"MEK","url":"https:\/\/medyaetikkurulu.org\/","logo":{"@type":"ImageObject","inLanguage":"tr","@id":"https:\/\/medyaetikkurulu.org\/#\/schema\/logo\/image\/","url":"https:\/\/i0.wp.com\/medyaetikkurulu.org\/wp-content\/uploads\/2025\/05\/MEK-copy-1.png?fit=960%2C960","contentUrl":"https:\/\/i0.wp.com\/medyaetikkurulu.org\/wp-content\/uploads\/2025\/05\/MEK-copy-1.png?fit=960%2C960","width":960,"height":960,"caption":"Medya Etik Kurulu"},"image":{"@id":"https:\/\/medyaetikkurulu.org\/#\/schema\/logo\/image\/"},"sameAs":["https:\/\/www.facebook.com\/medyaetikkurulu","https:\/\/x.com\/medyaetikkurulu","https:\/\/www.instagram.com\/medyaetikkurulu"]}]}},"jetpack_sharing_enabled":true,"_links":{"self":[{"href":"https:\/\/medyaetikkurulu.org\/index.php\/wp-json\/wp\/v2\/pages\/76","targetHints":{"allow":["GET"]}}],"collection":[{"href":"https:\/\/medyaetikkurulu.org\/index.php\/wp-json\/wp\/v2\/pages"}],"about":[{"href":"https:\/\/medyaetikkurulu.org\/index.php\/wp-json\/wp\/v2\/types\/page"}],"author":[{"embeddable":true,"href":"https:\/\/medyaetikkurulu.org\/index.php\/wp-json\/wp\/v2\/users\/2"}],"replies":[{"embeddable":true,"href":"https:\/\/medyaetikkurulu.org\/index.php\/wp-json\/wp\/v2\/comments?post=76"}],"version-history":[{"count":1,"href":"https:\/\/medyaetikkurulu.org\/index.php\/wp-json\/wp\/v2\/pages\/76\/revisions"}],"predecessor-version":[{"id":1140,"href":"https:\/\/medyaetikkurulu.org\/index.php\/wp-json\/wp\/v2\/pages\/76\/revisions\/1140"}],"wp:attachment":[{"href":"https:\/\/medyaetikkurulu.org\/index.php\/wp-json\/wp\/v2\/media?parent=76"}],"curies":[{"name":"wp","href":"https:\/\/api.w.org\/{rel}","templated":true}]}}